{"id":119,"date":"2015-12-15T20:30:21","date_gmt":"2015-12-15T19:30:21","guid":{"rendered":"http:\/\/www.fileasbl.be\/membres\/?page_id=119"},"modified":"2024-09-02T12:40:11","modified_gmt":"2024-09-02T11:40:11","slug":"contact","status":"publish","type":"page","link":"https:\/\/www.fileasbl.be\/membres\/contact\/","title":{"rendered":"Contact"},"content":{"rendered":"<!--themify_builder_content-->\n<div id=\"themify_builder_content-119\" data-postid=\"119\" class=\"themify_builder_content themify_builder_content-119 themify_builder tf_clear\">\n    \t<!-- module_row -->\n\t<div  data-lazy=\"1\" class=\"module_row themify_builder_row tb_1ssg973 tb_first tf_clearfix\">\n\t    \t\t<div class=\"row_inner col_align_top col-count-1 tf_box tf_w tf_rel\">\n\t\t\t<div  data-lazy=\"1\" class=\"module_column tb-column col-full first tb_gvxi975 tf_box\">\n\t\t\t    \t        <div class=\"tb-column-inner tf_box tf_w\">\n\t\t    <!-- module image -->\n<div  class=\"module module-image tb_m43w685   image-top tf_mw\" data-lazy=\"1\">\n        <div class=\"image-wrap tf_rel tf_mw\">\n\t\t    <img loading=\"lazy\" decoding=\"async\" width=\"1584\" height=\"396\" src=\"https:\/\/www.fileasbl.be\/membres\/wp-content\/uploads\/2023\/12\/Site-page-contact-1.gif\" class=\"wp-post-image wp-image-31243\" title=\"Site page contact (1)\" alt=\"Site page contact (1)\">\t\n\t\t<\/div>\n\t<!-- \/image-wrap -->\n    \n    \t<\/div>\n<!-- \/module image --><!-- module plain text -->\n<div  class=\"module module-plain-text tb_z47b604 \" data-lazy=\"1\">\n        <div class=\"tb_text_wrap\">\n\t<iframe loading=\"lazy\" src=\"https:\/\/www.google.com\/maps\/d\/embed?mid=1ekqHorPjpC5WAkQh-UH8NUwKde2Gv4I&#038;ehbc=2E312F\" width=\"640\" height=\"480\"><\/iframe>    <\/div>\n<\/div>\n<!-- \/module plain text --><!-- module text -->\n<div  class=\"module module-text tb_fg9r188   \" data-lazy=\"1\">\n        <div  class=\"tb_text_wrap\">\n    <hr \/>\n<p style=\"text-align: center;\"><span style=\"color: #000080;\"><strong><span class=\"exergue\">Entr\u00e9e principale :\u00a0<br \/>Avenue de Citeaux 114<br \/>1348 Louvain-la-Neuve<\/span><\/strong><\/span><\/p>\n<hr \/>\n<p>Nous promouvons la mobilit\u00e9 douce.\u00a0Il est facile de rejoindre notre centre en transports en commun et nous conseillons \u00e0 tous de le faire au maximum.<\/p>\n<p>\u00a0<\/p>\n<ul>\n<li>\u00c0 v\u00e9lo :<\/li>\n<\/ul>\n<p>5 minutes depuis le centre de Louvain-la-Neuve, par la Verte Voie ou par la passerelle dans le quartier Courbevoie, qui donne sur la Cour Marie d&rsquo;Oignies. Un parking v\u00e9lo est disponible : plus de 50 places<\/p>\n<ul>\n<li>En train :<\/li>\n<\/ul>\n<p>La gare de Louvain-la-Neuve est \u00e0 10-15 minutes \u00e0 pied. Sortez de la gare c\u00f4t\u00e9 &lsquo;Esplanade&rsquo; et suivez la Cour Marie d&rsquo;Oignies.\u00a0Itin\u00e9raire via Google Maps.<\/p>\n<ul>\n<li>En bus :<\/li>\n<\/ul>\n<p>Les bus E6, 6, 20, 21 et 33 s&rsquo;arr\u00eatent pr\u00e8s de Mundo, arr\u00eat &lsquo;Ferme de Lauzelle&rsquo;, 1 minute \u00e0 pied.<\/p>\n<ul>\n<li>En voiture :<\/li>\n<\/ul>\n<p>Il est demand\u00e9 de ne pas se garer dans les rues avoisinantes de Mundo pour garder une bonne entente avec les riverains !<\/p>\n<p>\u00a0<\/p>\n<hr \/>\n<p style=\"text-align: center;\"><strong>Les visiteurs\u00a0sont pri\u00e9s de se garer soit dans le\u00a0<a class=\".external\" href=\"https:\/\/www.belgiantrain.be\/fr\/station-information\/car-or-bike-at-station\/b-parking\/my-b-parking\/louvain-la-neuve\" target=\"_blank\" rel=\"noopener\">parking P+R<\/a>\u00a0de la SNCB au Boulevard de Wallonie, soit dans les divers parkings de la Ville, soit Boulevard de Lauzelle.<\/strong><\/p>\n<hr \/>\n<p>\u00a0<\/p>\n<p>Pour toute autre information concernant les\u00a0parking publics, veuillez consulter le\u00a0<a class=\".external\" href=\"https:\/\/www.olln.be\/fr\/loisirs\/tourisme\/office-du-tourisme\/preparez-vous\/acces-et-parkings\/acces-et-parkings-images-et-docs\/parking-principaux-visiteurs.pdf\" target=\"_blank\" rel=\"noopener\">site de la Commune.<\/a><\/p>\n<h1>\u00a0<\/h1>\n<h1>\u00a0<\/h1>\n<h1>Contacter la FILE<\/h1>\n<p><a href=\"mailto:contact@fileasbl.be\">contact@fileasbl.be<\/a><\/p>\n<p>010 22 52 02<\/p>\n<p>\u00a0<\/p>\n<p>Avec le soutien de\u00a0<\/p>\n<p><a href=\"http:\/\/www.federation-wallonie-bruxelles.be\/\"><img loading=\"lazy\" decoding=\"async\" class=\"alignnone wp-image-6625\" src=\"http:\/\/www.fileasbl.be\/membres\/wp-content\/uploads\/2019\/08\/FWB_QUADRI_VERTI_01-300x288.jpg\" alt=\"\" width=\"93\" height=\"89\" \/><\/a> <a href=\"https:\/\/www.one.be\/public\/\"><img loading=\"lazy\" decoding=\"async\" class=\"alignnone wp-image-6626\" src=\"http:\/\/www.fileasbl.be\/membres\/wp-content\/uploads\/2019\/08\/Logo_ONE_haut-300x212.jpg\" alt=\"\" width=\"133\" height=\"94\" \/><\/a><\/p>    <\/div>\n<\/div>\n<!-- \/module text --><!-- module divider -->\n<div  class=\"module tf_mw module-divider tb_wkmc32 solid   \" style=\"border-width: 1px;border-color: #2125ad;margin-top: 15px;margin-bottom: 15px;\" data-lazy=\"1\">\n    <\/div>\n<!-- \/module divider -->\n<!-- module callout -->\n<div  class=\"module ui module-callout tb_u5s4976 button-bottom-center tb_default_color  rounded gradient repeat wow\" data-tf-animation=\"bounceInLeft\" data-lazy=\"1\">\n    \n    <div class=\"callout-inner\">\n\t<div class=\"callout-content tf_left\">\n\t    <h3 class=\"callout-heading\">S'affilier \u00e0 la FILE<\/h3>\n\t    <div class=\"tb_text_wrap\">\n\t\t\tVous partagez les m\u00eames valeurs que la FILE<br\/>\nVous souhaitez b\u00e9n\u00e9ficier des services mis \u00e0 la disposition de nos membres<br\/>\nEt vous souhaitez rejoindre notre F\u00e9d\u00e9ration pour nous aider \u00e0 promouvoir <br\/>un accueil de qualit\u00e9 pour tous les enfants.\t    <\/div>\n\t<\/div>\n\t<!-- \/callout-content -->\n\t\t    <div class=\"callout-button tf_right tf_textr\">\n\t\t    <a href=\"http:\/\/www.fileasbl.be\/membres\/la-file\/saffilier-a-file\/\" class=\"ui builder_button rounded red\">\n\t\t\t\t<span class=\"tb_callout_text\">S'affilier \u00e0 la FILE<\/span>\n\t\t    <\/a>\n\t\t<\/div>\n\t        <\/div>\n    <!-- \/callout-content -->\n<\/div>\n<!-- \/module callout -->\n\t        <\/div>\n\t    \t<\/div>\n\t\t    <\/div>\n\t    <!-- \/row_inner -->\n\t<\/div>\n\t<!-- \/module_row -->\n\t<\/div>\n<!--\/themify_builder_content-->","protected":false},"excerpt":{"rendered":"<p>Entr\u00e9e principale :\u00a0Avenue de Citeaux 1141348 Louvain-la-Neuve Nous promouvons la mobilit\u00e9 douce.\u00a0Il est facile de rejoindre notre centre en transports en commun et nous conseillons \u00e0 tous de le faire au maximum. \u00a0 \u00c0 v\u00e9lo : 5 minutes depuis le centre de Louvain-la-Neuve, par la Verte Voie ou par la passerelle dans le quartier Courbevoie, [&hellip;]<\/p>\n","protected":false},"author":1,"featured_media":0,"parent":0,"menu_order":0,"comment_status":"closed","ping_status":"closed","template":"","meta":{"footnotes":""},"class_list":["post-119","page","type-page","status-publish","hentry","has-post-title","has-post-date","has-post-category","has-post-tag","has-post-comment","has-post-author",""],"yoast_head":"<!-- This site is optimized with the Yoast SEO plugin v27.4 - https:\/\/yoast.com\/product\/yoast-seo-wordpress\/ -->\n<title>Contact - Site de la FILE<\/title>\n<meta name=\"description\" content=\"Contacter la FILE, trouver ses coordonn\u00e9es, son adresse, s&#039;inscrire au bulletin d&#039;information... Tout se passe sur cette page.\" \/>\n<meta name=\"robots\" content=\"index, follow, max-snippet:-1, max-image-preview:large, max-video-preview:-1\" \/>\n<link rel=\"canonical\" href=\"https:\/\/www.fileasbl.be\/membres\/contact\/\" \/>\n<meta property=\"og:locale\" content=\"fr_FR\" \/>\n<meta property=\"og:type\" content=\"article\" \/>\n<meta property=\"og:title\" content=\"Contact - Site de la FILE\" \/>\n<meta property=\"og:description\" content=\"Contacter la FILE, trouver ses coordonn\u00e9es, son adresse, s&#039;inscrire au bulletin d&#039;information... Tout se passe sur cette page.\" \/>\n<meta property=\"og:url\" content=\"https:\/\/www.fileasbl.be\/membres\/contact\/\" \/>\n<meta property=\"og:site_name\" content=\"Site de la FILE\" \/>\n<meta property=\"article:publisher\" content=\"https:\/\/www.facebook.com\/fileasbl\/\" \/>\n<meta property=\"article:modified_time\" content=\"2024-09-02T11:40:11+00:00\" \/>\n<meta name=\"twitter:card\" content=\"summary_large_image\" \/>\n<script type=\"application\/ld+json\" class=\"yoast-schema-graph\">{\"@context\":\"https:\\\/\\\/schema.org\",\"@graph\":[{\"@type\":\"WebPage\",\"@id\":\"https:\\\/\\\/www.fileasbl.be\\\/membres\\\/contact\\\/\",\"url\":\"https:\\\/\\\/www.fileasbl.be\\\/membres\\\/contact\\\/\",\"name\":\"Contact - Site de la FILE\",\"isPartOf\":{\"@id\":\"https:\\\/\\\/www.fileasbl.be\\\/membres\\\/#website\"},\"primaryImageOfPage\":{\"@id\":\"https:\\\/\\\/www.fileasbl.be\\\/membres\\\/contact\\\/#primaryimage\"},\"image\":{\"@id\":\"https:\\\/\\\/www.fileasbl.be\\\/membres\\\/contact\\\/#primaryimage\"},\"thumbnailUrl\":\"https:\\\/\\\/www.fileasbl.be\\\/membres\\\/wp-content\\\/uploads\\\/2023\\\/12\\\/Site-page-contact-1.gif\",\"datePublished\":\"2015-12-15T19:30:21+00:00\",\"dateModified\":\"2024-09-02T11:40:11+00:00\",\"description\":\"Contacter la FILE, trouver ses coordonn\u00e9es, son adresse, s'inscrire au bulletin d'information... Tout se passe sur cette page.\",\"breadcrumb\":{\"@id\":\"https:\\\/\\\/www.fileasbl.be\\\/membres\\\/contact\\\/#breadcrumb\"},\"inLanguage\":\"fr-FR\",\"potentialAction\":[{\"@type\":\"ReadAction\",\"target\":[\"https:\\\/\\\/www.fileasbl.be\\\/membres\\\/contact\\\/\"]}]},{\"@type\":\"ImageObject\",\"inLanguage\":\"fr-FR\",\"@id\":\"https:\\\/\\\/www.fileasbl.be\\\/membres\\\/contact\\\/#primaryimage\",\"url\":\"https:\\\/\\\/www.fileasbl.be\\\/membres\\\/wp-content\\\/uploads\\\/2023\\\/12\\\/Site-page-contact-1.gif\",\"contentUrl\":\"https:\\\/\\\/www.fileasbl.be\\\/membres\\\/wp-content\\\/uploads\\\/2023\\\/12\\\/Site-page-contact-1.gif\",\"width\":1584,\"height\":396},{\"@type\":\"BreadcrumbList\",\"@id\":\"https:\\\/\\\/www.fileasbl.be\\\/membres\\\/contact\\\/#breadcrumb\",\"itemListElement\":[{\"@type\":\"ListItem\",\"position\":1,\"name\":\"Accueil\",\"item\":\"https:\\\/\\\/www.fileasbl.be\\\/membres\\\/\"},{\"@type\":\"ListItem\",\"position\":2,\"name\":\"Contact\"}]},{\"@type\":\"WebSite\",\"@id\":\"https:\\\/\\\/www.fileasbl.be\\\/membres\\\/#website\",\"url\":\"https:\\\/\\\/www.fileasbl.be\\\/membres\\\/\",\"name\":\"Site de la FILE\",\"description\":\"FILE Un accueil de qualit\u00e9 accessible \u00e0 tous\",\"potentialAction\":[{\"@type\":\"SearchAction\",\"target\":{\"@type\":\"EntryPoint\",\"urlTemplate\":\"https:\\\/\\\/www.fileasbl.be\\\/membres\\\/?s={search_term_string}\"},\"query-input\":{\"@type\":\"PropertyValueSpecification\",\"valueRequired\":true,\"valueName\":\"search_term_string\"}}],\"inLanguage\":\"fr-FR\"}]}<\/script>\n<!-- \/ Yoast SEO plugin. -->","yoast_head_json":{"title":"Contact - Site de la FILE","description":"Contacter la FILE, trouver ses coordonn\u00e9es, son adresse, s'inscrire au bulletin d'information... Tout se passe sur cette page.","robots":{"index":"index","follow":"follow","max-snippet":"max-snippet:-1","max-image-preview":"max-image-preview:large","max-video-preview":"max-video-preview:-1"},"canonical":"https:\/\/www.fileasbl.be\/membres\/contact\/","og_locale":"fr_FR","og_type":"article","og_title":"Contact - Site de la FILE","og_description":"Contacter la FILE, trouver ses coordonn\u00e9es, son adresse, s'inscrire au bulletin d'information... Tout se passe sur cette page.","og_url":"https:\/\/www.fileasbl.be\/membres\/contact\/","og_site_name":"Site de la FILE","article_publisher":"https:\/\/www.facebook.com\/fileasbl\/","article_modified_time":"2024-09-02T11:40:11+00:00","twitter_card":"summary_large_image","schema":{"@context":"https:\/\/schema.org","@graph":[{"@type":"WebPage","@id":"https:\/\/www.fileasbl.be\/membres\/contact\/","url":"https:\/\/www.fileasbl.be\/membres\/contact\/","name":"Contact - Site de la FILE","isPartOf":{"@id":"https:\/\/www.fileasbl.be\/membres\/#website"},"primaryImageOfPage":{"@id":"https:\/\/www.fileasbl.be\/membres\/contact\/#primaryimage"},"image":{"@id":"https:\/\/www.fileasbl.be\/membres\/contact\/#primaryimage"},"thumbnailUrl":"https:\/\/www.fileasbl.be\/membres\/wp-content\/uploads\/2023\/12\/Site-page-contact-1.gif","datePublished":"2015-12-15T19:30:21+00:00","dateModified":"2024-09-02T11:40:11+00:00","description":"Contacter la FILE, trouver ses coordonn\u00e9es, son adresse, s'inscrire au bulletin d'information... Tout se passe sur cette page.","breadcrumb":{"@id":"https:\/\/www.fileasbl.be\/membres\/contact\/#breadcrumb"},"inLanguage":"fr-FR","potentialAction":[{"@type":"ReadAction","target":["https:\/\/www.fileasbl.be\/membres\/contact\/"]}]},{"@type":"ImageObject","inLanguage":"fr-FR","@id":"https:\/\/www.fileasbl.be\/membres\/contact\/#primaryimage","url":"https:\/\/www.fileasbl.be\/membres\/wp-content\/uploads\/2023\/12\/Site-page-contact-1.gif","contentUrl":"https:\/\/www.fileasbl.be\/membres\/wp-content\/uploads\/2023\/12\/Site-page-contact-1.gif","width":1584,"height":396},{"@type":"BreadcrumbList","@id":"https:\/\/www.fileasbl.be\/membres\/contact\/#breadcrumb","itemListElement":[{"@type":"ListItem","position":1,"name":"Accueil","item":"https:\/\/www.fileasbl.be\/membres\/"},{"@type":"ListItem","position":2,"name":"Contact"}]},{"@type":"WebSite","@id":"https:\/\/www.fileasbl.be\/membres\/#website","url":"https:\/\/www.fileasbl.be\/membres\/","name":"Site de la FILE","description":"FILE Un accueil de qualit\u00e9 accessible \u00e0 tous","potentialAction":[{"@type":"SearchAction","target":{"@type":"EntryPoint","urlTemplate":"https:\/\/www.fileasbl.be\/membres\/?s={search_term_string}"},"query-input":{"@type":"PropertyValueSpecification","valueRequired":true,"valueName":"search_term_string"}}],"inLanguage":"fr-FR"}]}},"builder_content":"<img loading=\"lazy\" decoding=\"async\" width=\"1584\" height=\"396\" src=\"https:\/\/www.fileasbl.be\/membres\/wp-content\/uploads\/2023\/12\/Site-page-contact-1.gif\" title=\"Site page contact (1)\" alt=\"Site page contact (1)\">\n<iframe loading=\"lazy\" src=\"https:\/\/www.google.com\/maps\/d\/embed?mid=1ekqHorPjpC5WAkQh-UH8NUwKde2Gv4I&ehbc=2E312F\" width=\"640\" height=\"480\"><\/iframe>\n<hr \/> <p style=\"text-align: center;\"><strong>Entr\u00e9e principale :\u00a0<br \/>Avenue de Citeaux 114<br \/>1348 Louvain-la-Neuve<\/strong><\/p> <hr \/> <p>Nous promouvons la mobilit\u00e9 douce.\u00a0Il est facile de rejoindre notre centre en transports en commun et nous conseillons \u00e0 tous de le faire au maximum.<\/p> <p>\u00a0<\/p> <ul> <li>\u00c0 v\u00e9lo :<\/li> <\/ul> <p>5 minutes depuis le centre de Louvain-la-Neuve, par la Verte Voie ou par la passerelle dans le quartier Courbevoie, qui donne sur la Cour Marie d'Oignies. Un parking v\u00e9lo est disponible : plus de 50 places<\/p> <ul> <li>En train :<\/li> <\/ul> <p>La gare de Louvain-la-Neuve est \u00e0 10-15 minutes \u00e0 pied. Sortez de la gare c\u00f4t\u00e9 'Esplanade' et suivez la Cour Marie d'Oignies.\u00a0Itin\u00e9raire via Google Maps.<\/p> <ul> <li>En bus :<\/li> <\/ul> <p>Les bus E6, 6, 20, 21 et 33 s'arr\u00eatent pr\u00e8s de Mundo, arr\u00eat 'Ferme de Lauzelle', 1 minute \u00e0 pied.<\/p> <ul> <li>En voiture :<\/li> <\/ul> <p>Il est demand\u00e9 de ne pas se garer dans les rues avoisinantes de Mundo pour garder une bonne entente avec les riverains !<\/p> <p>\u00a0<\/p> <hr \/> <p style=\"text-align: center;\"><strong>Les visiteurs\u00a0sont pri\u00e9s de se garer soit dans le\u00a0<a href=\"https:\/\/www.belgiantrain.be\/fr\/station-information\/car-or-bike-at-station\/b-parking\/my-b-parking\/louvain-la-neuve\" target=\"_blank\" rel=\"noopener\">parking P+R<\/a>\u00a0de la SNCB au Boulevard de Wallonie, soit dans les divers parkings de la Ville, soit Boulevard de Lauzelle.<\/strong><\/p> <hr \/> <p>\u00a0<\/p> <p>Pour toute autre information concernant les\u00a0parking publics, veuillez consulter le\u00a0<a href=\"https:\/\/www.olln.be\/fr\/loisirs\/tourisme\/office-du-tourisme\/preparez-vous\/acces-et-parkings\/acces-et-parkings-images-et-docs\/parking-principaux-visiteurs.pdf\" target=\"_blank\" rel=\"noopener\">site de la Commune.<\/a><\/p> <h1>\u00a0<\/h1> <h1>\u00a0<\/h1> <h1>Contacter la FILE<\/h1> <p><a href=\"mailto:contact@fileasbl.be\">contact@fileasbl.be<\/a><\/p> <p>010 22 52 02<\/p> <p>\u00a0<\/p> <p>Avec le soutien de\u00a0<\/p> <p><a href=\"http:\/\/www.federation-wallonie-bruxelles.be\/\"><img loading=\"lazy\" decoding=\"async\" src=\"http:\/\/www.fileasbl.be\/membres\/wp-content\/uploads\/2019\/08\/FWB_QUADRI_VERTI_01-300x288.jpg\" alt=\"\" width=\"93\" height=\"89\" \/><\/a> <a href=\"https:\/\/www.one.be\/public\/\"><img loading=\"lazy\" decoding=\"async\" src=\"http:\/\/www.fileasbl.be\/membres\/wp-content\/uploads\/2019\/08\/Logo_ONE_haut-300x212.jpg\" alt=\"\" width=\"133\" height=\"94\" \/><\/a><\/p>\n\n<h3>S'affilier \u00e0 la FILE<\/h3> Vous partagez les m\u00eames valeurs que la FILE<br\/> Vous souhaitez b\u00e9n\u00e9ficier des services mis \u00e0 la disposition de nos membres<br\/> Et vous souhaitez rejoindre notre F\u00e9d\u00e9ration pour nous aider \u00e0 promouvoir <br\/>un accueil de qualit\u00e9 pour tous les enfants. <a href=\"http:\/\/www.fileasbl.be\/membres\/la-file\/saffilier-a-file\/\"> S'affilier \u00e0 la FILE <\/a>","_links":{"self":[{"href":"https:\/\/www.fileasbl.be\/membres\/wp-json\/wp\/v2\/pages\/119","targetHints":{"allow":["GET"]}}],"collection":[{"href":"https:\/\/www.fileasbl.be\/membres\/wp-json\/wp\/v2\/pages"}],"about":[{"href":"https:\/\/www.fileasbl.be\/membres\/wp-json\/wp\/v2\/types\/page"}],"author":[{"embeddable":true,"href":"https:\/\/www.fileasbl.be\/membres\/wp-json\/wp\/v2\/users\/1"}],"replies":[{"embeddable":true,"href":"https:\/\/www.fileasbl.be\/membres\/wp-json\/wp\/v2\/comments?post=119"}],"version-history":[{"count":0,"href":"https:\/\/www.fileasbl.be\/membres\/wp-json\/wp\/v2\/pages\/119\/revisions"}],"wp:attachment":[{"href":"https:\/\/www.fileasbl.be\/membres\/wp-json\/wp\/v2\/media?parent=119"}],"curies":[{"name":"wp","href":"https:\/\/api.w.org\/{rel}","templated":true}]}}