{"id":2045,"date":"2018-01-18T13:09:39","date_gmt":"2018-01-18T12:09:39","guid":{"rendered":"http:\/\/www.fileasbl.be\/membres\/?page_id=2045"},"modified":"2024-08-12T09:29:01","modified_gmt":"2024-08-12T08:29:01","slug":"saffilier-a-file","status":"publish","type":"page","link":"https:\/\/www.fileasbl.be\/membres\/saffilier-a-file\/","title":{"rendered":"S&rsquo;affilier \u00e0 la FILE"},"content":{"rendered":"<!--themify_builder_content-->\n<div id=\"themify_builder_content-2045\" data-postid=\"2045\" class=\"themify_builder_content themify_builder_content-2045 themify_builder tf_clear\">\n    \t<!-- module_row -->\n\t<div  data-lazy=\"1\" class=\"module_row themify_builder_row tb_bpvf721 tb_first tf_clearfix\">\n\t    \t\t<div class=\"row_inner col_align_top col-count-1 tf_box tf_w tf_rel\">\n\t\t\t<div  data-lazy=\"1\" class=\"module_column tb-column col-full first tb_87v2722 tf_box\">\n\t\t\t    \t        <div class=\"tb-column-inner tf_box tf_w\">\n\t\t    <!-- module text -->\n<div  class=\"module module-text tb_92n1215   \" data-lazy=\"1\">\n        <div  class=\"tb_text_wrap\">\n    <p>La FILE f\u00e9d\u00e8re des structures associatifs et des institutions publiques actives dans le secteur de l&rsquo;accueil et de la protection de l&rsquo;enfance en FWB.<\/p>    <\/div>\n<\/div>\n<!-- \/module text -->\t        <\/div>\n\t    \t<\/div>\n\t\t    <\/div>\n\t    <!-- \/row_inner -->\n\t<\/div>\n\t<!-- \/module_row -->\n\t\t<!-- module_row -->\n\t<div  data-lazy=\"1\" class=\"module_row themify_builder_row tb_9dg0157 tf_clearfix\">\n\t    \t\t<div class=\"row_inner col_align_top col-count-2 tf_box tf_w tf_rel\">\n\t\t\t<div  data-lazy=\"1\" class=\"module_column tb-column col2-1 first tb_q6l9157 tf_box\">\n\t\t\t    \t        <div class=\"tb-column-inner tf_box tf_w\">\n\t\t    <!-- module text -->\n<div  class=\"module module-text tb_5sbf349   \" data-lazy=\"1\">\n        <div  class=\"tb_text_wrap\">\n    <h2>Qui peut s&rsquo;affilier ?<\/h2>\n<ul>\n<li>des personnes physiques \u00e0 comp\u00e9tences reconnues dans le secteur<\/li>\n<li>des pouvoirs organisateurs qui organisent des milieux d&rsquo;accueil 0-3 ans (petite enfance) ou 3-12 ans (ATL)\n<ul>\n<li>Priv\u00e9s associatifs (asbl)<\/li>\n<li>Pouvoirs publics (communes, CPAS, intercommunales&#8230;)<\/li>\n<\/ul>\n<\/li>\n<\/ul>\n<h2>Conditions<\/h2>\n<ul>\n<li>Adh\u00e9rer aux statuts et valeurs de la FILE<\/li>\n<li>une cotisation annuelle est demand\u00e9e aux membres de la FILE. Puisque l&rsquo;aspect financier ne doit pas \u00eatre un frein \u00e0 l&rsquo;affiliation, des d\u00e9rogations peuvent \u00eatre d\u00e9cid\u00e9es par le conseil d&rsquo;administration de la f\u00e9d\u00e9ration<\/li>\n<\/ul>    <\/div>\n<\/div>\n<!-- \/module text -->\t        <\/div>\n\t    \t<\/div>\n\t\t<div  data-lazy=\"1\" class=\"module_column tb-column col2-1 last tb_q5ex158 tf_box\">\n\t\t\t    \t        <div class=\"tb-column-inner tf_box tf_w\">\n\t\t    <!-- module text -->\n<div  class=\"module module-text tb_anq6246   \" data-lazy=\"1\">\n        <div  class=\"tb_text_wrap\">\n    <h2>Comment s&rsquo;affilier ?<\/h2>\n<ul>\n<li>S&rsquo;informer sur notre f\u00e9d\u00e9ration, ses actions, missions et valeurs aupr\u00e8s de l&rsquo;\u00e9quipe de la FILE ou de sa pr\u00e9sidente\n<ul>\n<li>par email : contact@fileasbl.be<\/li>\n<li>par t\u00e9l\u00e9phone : 010 22 52 02<\/li>\n<\/ul>\n<\/li>\n<li>Compl\u00e9ter les formulaires d&rsquo;adh\u00e9sion<\/li>\n<li>Pr\u00e9senter votre candidature lors d&rsquo;un Conseil d&rsquo;administration<\/li>\n<li>Le Conseil d&rsquo;administration statue sur la candidature et remet son avis dans un d\u00e9lais raisonnable<\/li>\n<\/ul>    <\/div>\n<\/div>\n<!-- \/module text -->\t        <\/div>\n\t    \t<\/div>\n\t\t    <\/div>\n\t    <!-- \/row_inner -->\n\t<\/div>\n\t<!-- \/module_row -->\n\t\t<!-- module_row -->\n\t<div  data-lazy=\"1\" class=\"module_row themify_builder_row tb_jkfv790 tf_clearfix\">\n\t    \t\t<div class=\"row_inner col_align_top col-count-1 tf_box tf_w tf_rel\">\n\t\t\t<div  data-lazy=\"1\" class=\"module_column tb-column col-full first tb_safr792 tf_box\">\n\t\t\t    \t        <div class=\"tb-column-inner tf_box tf_w\">\n\t\t    <!-- module accordion -->\n<div  class=\"module module-accordion tb_jyp7893 \" data-behavior=\"toggle\" data-lazy=\"1\">\n    \n    <ul class=\"ui module-accordion plus-icon-button  tb_default_color\">\n\t\t    <li>\n\t\t\t<div class=\"accordion-title tf_rel\">\n\t\t\t\t<a href=\"#acc-jyp7893-0\" aria-controls=\"acc-jyp7893-0-content\" aria-expanded=\"false\">\n\t\t\t\t\t\t\t\t\t\t\t\t\t\t\t<span class=\"tb_title_accordion tf_w\">Adh\u00e9rer aux valeurs<\/span>\n\t\t\t\t<\/a>\n\t\t\t<\/div><!-- .accordion-title -->\n\n\t\t\t<div id=\"acc-jyp7893-0-content\" data-id=\"acc-jyp7893-0\" aria-hidden=\"true\" class=\"accordion-content tf_hide\">\n\n\t\t\t\t\t\t\t\t\t<div\t\t\t\t\t\tclass=\"tb_text_wrap\"\n\t\t\t\t\t\t>\n\t\t\t\t\t\t<p>Selon l\u2019article 3 de nos statuts, ces institutions, pour devenir membres, s\u2019engagent \u00e0 promouvoir, pour tous les enfants, un accueil :<\/p>\n<ul>\n<li>de qualit\u00e9,\u00a0bas\u00e9 sur un projet \u00e9ducatif coh\u00e9rent, centr\u00e9 sur le bien-\u00eatre de l\u2019enfant et de sa famille, port\u00e9 par des \u00e9quipes motiv\u00e9es disposant de temps de coordination et dans lesquelles s\u2019impliquent tous les intervenants.<\/li>\n<li>encadr\u00e9 par des professionnels,\u00a0poss\u00e9dant une formation initiale reconnue, et inscrits dans un processus de formation continu\u00e9e soutenue par le pouvoir organisateur.<\/li>\n<li>accessible \u00e0 tous,\u00a0tant culturellement que g\u00e9ographiquement et financi\u00e8rement. Les r\u00f4les \u00e9ducatif, de socialisation, d\u2019\u00e9panouissement physique, artistique, culturel et intellectuel que peuvent offrir les structures d\u2019accueil sont, d\u00e8s le plus jeune \u00e2ge, un \u00e9l\u00e9ment important pour l\u2019\u00e9galit\u00e9 des citoyens. Ces structures seront donc adapt\u00e9es au contexte social et \u00e0 la r\u00e9alit\u00e9 culturelle dans lesquels elles s\u2019int\u00e8grent, sans pour autant cr\u00e9er ou renforcer les situations de \u00ab ghetto \u00bb. Elles mettront \u00e9galement tout en \u0153uvre pour r\u00e9pondre aux besoins sp\u00e9cifiques du public en mati\u00e8re, par exemple, d\u2019horaires d\u2019ouverture, de temps d\u2019accueil, d\u2019insertion socioprofessionnelle, d\u2019enfants malades ou handicap\u00e9s, etc.<\/li>\n<li>dans un esprit de d\u00e9mocratie et de la\u00efcit\u00e9,\u00a0favorisant l\u2019\u00e9mergence de citoyens actifs, autonomes et responsables. Les projets \u00e9ducatifs impliqueront :\n<ul>\n<li>l\u2019apprentissage de la libert\u00e9 de pens\u00e9e et de l\u2019esprit critique, tout en respectant la libert\u00e9 des autres et le fonctionnement harmonieux de la collectivit\u00e9,<\/li>\n<li>la\u00a0facilitation de la prise de parole des enfants, de leur participation aux d\u00e9cisions et \u00e0 l\u2019\u00e9laboration des normes r\u00e9gissant la collectivit\u00e9,<\/li>\n<li>le\u00a0respect des personnes et des familles, y compris dans leurs options \u00e9ducatives, philosophiques et religieuses,<\/li>\n<li>l\u2019affirmation claire des options des pouvoirs organisateurs et des \u00e9quipes en mati\u00e8re de respect des droits de l\u2019homme, d\u2019\u00e9galit\u00e9 des sexes et de stricte la\u00efcit\u00e9.<\/li>\n<\/ul>\n<\/li>\n<\/ul>\t\t\t\t\t<\/div>\n\t\t\t\t\n\t\t\t<\/div><!-- .accordion-content -->\n\t    <\/li>\n\t    <\/ul>\n\n<\/div><!-- \/module accordion -->\t        <\/div>\n\t    \t<\/div>\n\t\t    <\/div>\n\t    <!-- \/row_inner -->\n\t<\/div>\n\t<!-- \/module_row -->\n\t<\/div>\n<!--\/themify_builder_content-->","protected":false},"excerpt":{"rendered":"<p>La FILE f\u00e9d\u00e8re des structures associatifs et des institutions publiques actives dans le secteur de l&rsquo;accueil et de la protection de l&rsquo;enfance en FWB. Qui peut s&rsquo;affilier ? des personnes physiques \u00e0 comp\u00e9tences reconnues dans le secteur des pouvoirs organisateurs qui organisent des milieux d&rsquo;accueil 0-3 ans (petite enfance) ou 3-12 ans (ATL) Priv\u00e9s associatifs [&hellip;]<\/p>\n","protected":false},"author":1,"featured_media":0,"parent":0,"menu_order":0,"comment_status":"closed","ping_status":"closed","template":"","meta":{"footnotes":""},"class_list":["post-2045","page","type-page","status-publish","hentry","has-post-title","has-post-date","has-post-category","has-post-tag","has-post-comment","has-post-author",""],"yoast_head":"<!-- This site is optimized with the Yoast SEO plugin v27.2 - https:\/\/yoast.com\/product\/yoast-seo-wordpress\/ -->\n<title>S&#039;affilier \u00e0 la FILE - Site de la FILE<\/title>\n<meta name=\"description\" content=\"Conditions d&#039;affiliation, services propos\u00e9s aux membres, proc\u00e9dure d&#039;affiliation \u00e0 la F\u00e9d\u00e9ration des Initiatives Locales pour l&#039;Enfance.\" \/>\n<meta name=\"robots\" content=\"index, follow, max-snippet:-1, max-image-preview:large, max-video-preview:-1\" \/>\n<link rel=\"canonical\" href=\"https:\/\/www.fileasbl.be\/membres\/saffilier-a-file\/\" \/>\n<meta property=\"og:locale\" content=\"fr_FR\" \/>\n<meta property=\"og:type\" content=\"article\" \/>\n<meta property=\"og:title\" content=\"S&#039;affilier \u00e0 la FILE - Site de la FILE\" \/>\n<meta property=\"og:description\" content=\"Conditions d&#039;affiliation, services propos\u00e9s aux membres, proc\u00e9dure d&#039;affiliation \u00e0 la F\u00e9d\u00e9ration des Initiatives Locales pour l&#039;Enfance.\" \/>\n<meta property=\"og:url\" content=\"https:\/\/www.fileasbl.be\/membres\/saffilier-a-file\/\" \/>\n<meta property=\"og:site_name\" content=\"Site de la FILE\" \/>\n<meta property=\"article:publisher\" content=\"https:\/\/www.facebook.com\/fileasbl\/\" \/>\n<meta property=\"article:modified_time\" content=\"2024-08-12T08:29:01+00:00\" \/>\n<meta name=\"twitter:card\" content=\"summary_large_image\" \/>\n<meta name=\"twitter:label1\" content=\"Dur\u00e9e de lecture estim\u00e9e\" \/>\n\t<meta name=\"twitter:data1\" content=\"6 minutes\" \/>\n<script type=\"application\/ld+json\" class=\"yoast-schema-graph\">{\"@context\":\"https:\/\/schema.org\",\"@graph\":[{\"@type\":\"WebPage\",\"@id\":\"https:\/\/www.fileasbl.be\/membres\/saffilier-a-file\/\",\"url\":\"https:\/\/www.fileasbl.be\/membres\/saffilier-a-file\/\",\"name\":\"S'affilier \u00e0 la FILE - Site de la FILE\",\"isPartOf\":{\"@id\":\"https:\/\/www.fileasbl.be\/membres\/#website\"},\"datePublished\":\"2018-01-18T12:09:39+00:00\",\"dateModified\":\"2024-08-12T08:29:01+00:00\",\"description\":\"Conditions d'affiliation, services propos\u00e9s aux membres, proc\u00e9dure d'affiliation \u00e0 la F\u00e9d\u00e9ration des Initiatives Locales pour l'Enfance.\",\"breadcrumb\":{\"@id\":\"https:\/\/www.fileasbl.be\/membres\/saffilier-a-file\/#breadcrumb\"},\"inLanguage\":\"fr-FR\",\"potentialAction\":[{\"@type\":\"ReadAction\",\"target\":[\"https:\/\/www.fileasbl.be\/membres\/saffilier-a-file\/\"]}]},{\"@type\":\"BreadcrumbList\",\"@id\":\"https:\/\/www.fileasbl.be\/membres\/saffilier-a-file\/#breadcrumb\",\"itemListElement\":[{\"@type\":\"ListItem\",\"position\":1,\"name\":\"Accueil\",\"item\":\"https:\/\/www.fileasbl.be\/membres\/\"},{\"@type\":\"ListItem\",\"position\":2,\"name\":\"S&rsquo;affilier \u00e0 la FILE\"}]},{\"@type\":\"WebSite\",\"@id\":\"https:\/\/www.fileasbl.be\/membres\/#website\",\"url\":\"https:\/\/www.fileasbl.be\/membres\/\",\"name\":\"Site de la FILE\",\"description\":\"FILE Un accueil de qualit\u00e9 accessible \u00e0 tous\",\"potentialAction\":[{\"@type\":\"SearchAction\",\"target\":{\"@type\":\"EntryPoint\",\"urlTemplate\":\"https:\/\/www.fileasbl.be\/membres\/?s={search_term_string}\"},\"query-input\":{\"@type\":\"PropertyValueSpecification\",\"valueRequired\":true,\"valueName\":\"search_term_string\"}}],\"inLanguage\":\"fr-FR\"}]}<\/script>\n<!-- \/ Yoast SEO plugin. -->","yoast_head_json":{"title":"S'affilier \u00e0 la FILE - Site de la FILE","description":"Conditions d'affiliation, services propos\u00e9s aux membres, proc\u00e9dure d'affiliation \u00e0 la F\u00e9d\u00e9ration des Initiatives Locales pour l'Enfance.","robots":{"index":"index","follow":"follow","max-snippet":"max-snippet:-1","max-image-preview":"max-image-preview:large","max-video-preview":"max-video-preview:-1"},"canonical":"https:\/\/www.fileasbl.be\/membres\/saffilier-a-file\/","og_locale":"fr_FR","og_type":"article","og_title":"S'affilier \u00e0 la FILE - Site de la FILE","og_description":"Conditions d'affiliation, services propos\u00e9s aux membres, proc\u00e9dure d'affiliation \u00e0 la F\u00e9d\u00e9ration des Initiatives Locales pour l'Enfance.","og_url":"https:\/\/www.fileasbl.be\/membres\/saffilier-a-file\/","og_site_name":"Site de la FILE","article_publisher":"https:\/\/www.facebook.com\/fileasbl\/","article_modified_time":"2024-08-12T08:29:01+00:00","twitter_card":"summary_large_image","twitter_misc":{"Dur\u00e9e de lecture estim\u00e9e":"6 minutes"},"schema":{"@context":"https:\/\/schema.org","@graph":[{"@type":"WebPage","@id":"https:\/\/www.fileasbl.be\/membres\/saffilier-a-file\/","url":"https:\/\/www.fileasbl.be\/membres\/saffilier-a-file\/","name":"S'affilier \u00e0 la FILE - Site de la FILE","isPartOf":{"@id":"https:\/\/www.fileasbl.be\/membres\/#website"},"datePublished":"2018-01-18T12:09:39+00:00","dateModified":"2024-08-12T08:29:01+00:00","description":"Conditions d'affiliation, services propos\u00e9s aux membres, proc\u00e9dure d'affiliation \u00e0 la F\u00e9d\u00e9ration des Initiatives Locales pour l'Enfance.","breadcrumb":{"@id":"https:\/\/www.fileasbl.be\/membres\/saffilier-a-file\/#breadcrumb"},"inLanguage":"fr-FR","potentialAction":[{"@type":"ReadAction","target":["https:\/\/www.fileasbl.be\/membres\/saffilier-a-file\/"]}]},{"@type":"BreadcrumbList","@id":"https:\/\/www.fileasbl.be\/membres\/saffilier-a-file\/#breadcrumb","itemListElement":[{"@type":"ListItem","position":1,"name":"Accueil","item":"https:\/\/www.fileasbl.be\/membres\/"},{"@type":"ListItem","position":2,"name":"S&rsquo;affilier \u00e0 la FILE"}]},{"@type":"WebSite","@id":"https:\/\/www.fileasbl.be\/membres\/#website","url":"https:\/\/www.fileasbl.be\/membres\/","name":"Site de la FILE","description":"FILE Un accueil de qualit\u00e9 accessible \u00e0 tous","potentialAction":[{"@type":"SearchAction","target":{"@type":"EntryPoint","urlTemplate":"https:\/\/www.fileasbl.be\/membres\/?s={search_term_string}"},"query-input":{"@type":"PropertyValueSpecification","valueRequired":true,"valueName":"search_term_string"}}],"inLanguage":"fr-FR"}]}},"builder_content":"<p>La FILE f\u00e9d\u00e8re des structures associatifs et des institutions publiques actives dans le secteur de l'accueil et de la protection de l'enfance en FWB.<\/p>\n<h2>Qui peut s'affilier ?<\/h2> <ul> <li>des personnes physiques \u00e0 comp\u00e9tences reconnues dans le secteur<\/li> <li>des pouvoirs organisateurs qui organisent des milieux d'accueil 0-3 ans (petite enfance) ou 3-12 ans (ATL) <ul> <li>Priv\u00e9s associatifs (asbl)<\/li> <li>Pouvoirs publics (communes, CPAS, intercommunales...)<\/li> <\/ul> <\/li> <\/ul> <h2>Conditions<\/h2> <ul> <li>Adh\u00e9rer aux statuts et valeurs de la FILE<\/li> <li>une cotisation annuelle est demand\u00e9e aux membres de la FILE. Puisque l'aspect financier ne doit pas \u00eatre un frein \u00e0 l'affiliation, des d\u00e9rogations peuvent \u00eatre d\u00e9cid\u00e9es par le conseil d'administration de la f\u00e9d\u00e9ration<\/li> <\/ul>\n<h2>Comment s'affilier ?<\/h2> <ul> <li>S'informer sur notre f\u00e9d\u00e9ration, ses actions, missions et valeurs aupr\u00e8s de l'\u00e9quipe de la FILE ou de sa pr\u00e9sidente <ul> <li>par email : contact@fileasbl.be<\/li> <li>par t\u00e9l\u00e9phone : 010 22 52 02<\/li> <\/ul> <\/li> <li>Compl\u00e9ter les formulaires d'adh\u00e9sion<\/li> <li>Pr\u00e9senter votre candidature lors d'un Conseil d'administration<\/li> <li>Le Conseil d'administration statue sur la candidature et remet son avis dans un d\u00e9lais raisonnable<\/li> <\/ul>\n<ul><li><h4>Adh\u00e9rer aux valeurs<\/h4><p>Selon l\u2019article 3 de nos statuts, ces institutions, pour devenir membres, s\u2019engagent \u00e0 promouvoir, pour tous les enfants, un accueil :<\/p> <ul> <li>de qualit\u00e9,\u00a0bas\u00e9 sur un projet \u00e9ducatif coh\u00e9rent, centr\u00e9 sur le bien-\u00eatre de l\u2019enfant et de sa famille, port\u00e9 par des \u00e9quipes motiv\u00e9es disposant de temps de coordination et dans lesquelles s\u2019impliquent tous les intervenants.<\/li> <li>encadr\u00e9 par des professionnels,\u00a0poss\u00e9dant une formation initiale reconnue, et inscrits dans un processus de formation continu\u00e9e soutenue par le pouvoir organisateur.<\/li> <li>accessible \u00e0 tous,\u00a0tant culturellement que g\u00e9ographiquement et financi\u00e8rement. Les r\u00f4les \u00e9ducatif, de socialisation, d\u2019\u00e9panouissement physique, artistique, culturel et intellectuel que peuvent offrir les structures d\u2019accueil sont, d\u00e8s le plus jeune \u00e2ge, un \u00e9l\u00e9ment important pour l\u2019\u00e9galit\u00e9 des citoyens. Ces structures seront donc adapt\u00e9es au contexte social et \u00e0 la r\u00e9alit\u00e9 culturelle dans lesquels elles s\u2019int\u00e8grent, sans pour autant cr\u00e9er ou renforcer les situations de \u00ab ghetto \u00bb. Elles mettront \u00e9galement tout en \u0153uvre pour r\u00e9pondre aux besoins sp\u00e9cifiques du public en mati\u00e8re, par exemple, d\u2019horaires d\u2019ouverture, de temps d\u2019accueil, d\u2019insertion socioprofessionnelle, d\u2019enfants malades ou handicap\u00e9s, etc.<\/li> <li>dans un esprit de d\u00e9mocratie et de la\u00efcit\u00e9,\u00a0favorisant l\u2019\u00e9mergence de citoyens actifs, autonomes et responsables. Les projets \u00e9ducatifs impliqueront : <ul> <li>l\u2019apprentissage de la libert\u00e9 de pens\u00e9e et de l\u2019esprit critique, tout en respectant la libert\u00e9 des autres et le fonctionnement harmonieux de la collectivit\u00e9,<\/li> <li>la\u00a0facilitation de la prise de parole des enfants, de leur participation aux d\u00e9cisions et \u00e0 l\u2019\u00e9laboration des normes r\u00e9gissant la collectivit\u00e9,<\/li> <li>le\u00a0respect des personnes et des familles, y compris dans leurs options \u00e9ducatives, philosophiques et religieuses,<\/li> <li>l\u2019affirmation claire des options des pouvoirs organisateurs et des \u00e9quipes en mati\u00e8re de respect des droits de l\u2019homme, d\u2019\u00e9galit\u00e9 des sexes et de stricte la\u00efcit\u00e9.<\/li> <\/ul> <\/li> <\/ul><\/li><\/ul>","_links":{"self":[{"href":"https:\/\/www.fileasbl.be\/membres\/wp-json\/wp\/v2\/pages\/2045","targetHints":{"allow":["GET"]}}],"collection":[{"href":"https:\/\/www.fileasbl.be\/membres\/wp-json\/wp\/v2\/pages"}],"about":[{"href":"https:\/\/www.fileasbl.be\/membres\/wp-json\/wp\/v2\/types\/page"}],"author":[{"embeddable":true,"href":"https:\/\/www.fileasbl.be\/membres\/wp-json\/wp\/v2\/users\/1"}],"replies":[{"embeddable":true,"href":"https:\/\/www.fileasbl.be\/membres\/wp-json\/wp\/v2\/comments?post=2045"}],"version-history":[{"count":41,"href":"https:\/\/www.fileasbl.be\/membres\/wp-json\/wp\/v2\/pages\/2045\/revisions"}],"predecessor-version":[{"id":32345,"href":"https:\/\/www.fileasbl.be\/membres\/wp-json\/wp\/v2\/pages\/2045\/revisions\/32345"}],"wp:attachment":[{"href":"https:\/\/www.fileasbl.be\/membres\/wp-json\/wp\/v2\/media?parent=2045"}],"curies":[{"name":"wp","href":"https:\/\/api.w.org\/{rel}","templated":true}]}}