{"id":22056,"date":"2021-08-26T15:16:49","date_gmt":"2021-08-26T14:16:49","guid":{"rendered":"https:\/\/www.fileasbl.be\/membres\/?page_id=22056"},"modified":"2025-02-17T15:17:38","modified_gmt":"2025-02-17T14:17:38","slug":"secret-professionnel","status":"publish","type":"page","link":"https:\/\/www.fileasbl.be\/membres\/themes\/secret-professionnel\/","title":{"rendered":"Secret professionnel"},"content":{"rendered":"<!--themify_builder_content-->\n<div id=\"themify_builder_content-22056\" data-postid=\"22056\" class=\"themify_builder_content themify_builder_content-22056 themify_builder tf_clear\">\n    \t<!-- module_row -->\n\t<div  data-lazy=\"1\" class=\"module_row themify_builder_row tb_27ae481 tb_first tf_clearfix\">\n\t    \t\t<div class=\"row_inner col_align_top col-count-1 tf_box tf_w tf_rel\">\n\t\t\t<div  data-lazy=\"1\" class=\"module_column tb-column col-full first tb_5qnr482 tf_box\">\n\t\t\t    \t        <div class=\"tb-column-inner tf_box tf_w\">\n\t\t    <!-- module text -->\n<div  class=\"module module-text tb_qqpg305   \" data-lazy=\"1\">\n        <div  class=\"tb_text_wrap\">\n    <h1 style=\"text-align: right;\">Secret professionnel<\/h1>    <\/div>\n<\/div>\n<!-- \/module text --><!-- module text -->\n<div  class=\"module module-text tb_jp7d601   \" data-lazy=\"1\">\n        <div  class=\"tb_text_wrap\">\n    <p><em>Contenu r\u00e9serv\u00e9 aux membres<\/em><\/p>    <\/div>\n<\/div>\n<!-- \/module text --><!-- module divider -->\n<div  class=\"module tf_mw module-divider tb_l1hc502 solid   \" style=\"border-width: 1px;border-color: #000000;\" data-lazy=\"1\">\n    <\/div>\n<!-- \/module divider -->\n\t        <\/div>\n\t    \t<\/div>\n\t\t    <\/div>\n\t    <!-- \/row_inner -->\n\t<\/div>\n\t<!-- \/module_row -->\n\t\t<!-- module_row -->\n\t<div  data-lazy=\"1\" class=\"module_row themify_builder_row tb_c9cx9 tf_clearfix\">\n\t    \t\t<div class=\"row_inner col_align_top col-count-2 tf_box tf_w tf_rel\">\n\t\t\t<div  data-lazy=\"1\" style=\"width: 62.8%\" class=\"module_column tb-column col2-1 first tb_or7f10 tf_box\">\n\t\t\t    \t        <div class=\"tb-column-inner tf_box tf_w\">\n\t\t    <!-- module login -->\n<div  class=\"module module-login tb_2n17645 \" data-lazy=\"1\">\n\t<div classss=\"tb_login_wrap \">\n\t\n\t\t\t\n\t\t<form class=\"tb_login_form tf_clearfix tf_box tf_clear\" name=\"loginform\" action=\"https:\/\/www.fileasbl.be\/membres\/wp-login.php\" method=\"post\">\n\t\t\t<p class=\"tb_login_username\">\n\t\t\t\t<label>\n\t\t\t\t\t<span class=\"tb_login_username_text\">Username or Email<\/span>\n\t\t\t\t\t<input type=\"text\" name=\"log\" required=\"required\">\n\t\t\t\t<\/label>\n\t\t\t<\/p>\n\t\t\t<p class=\"tb_login_password\">\n\t\t\t\t<label>\n\t\t\t\t\t<span class=\"tb_login_password_text\">Password<\/span>\n\t\t\t\t\t<input type=\"password\" name=\"pwd\" required=\"required\">\n\t\t\t\t<\/label>\n\t\t\t<\/p>\n\t\t\t<div class=\"tb_login_links tf_box tf_clear\">\n\t\t\t\t<a href=\"https:\/\/www.fileasbl.be\/membres\/wp-login.php?action=lostpassword\">Forgotten Password?<\/a>\n\t\t\t<\/div>\n\n\t\t\t\n\t\t\t\t\t\t<p class=\"tb_login_remember tf_left tf_box\">\n\t\t\t\t<label>\n\t\t\t\t\t<input name=\"rememberme\" type=\"checkbox\" value=\"forever\"> \n\t\t\t\t\t<span class=\"tb_login_remember_text\">Remember Me<\/span>\n\t\t\t\t<\/label>\n\t\t\t<\/p>\n\t\t\t\t\t\t<p class=\"tb_login_submit tf_right\">\n\t\t\t\t<button name=\"wp-submit\">Log In<\/button>\n\t\t\t\t<input type=\"hidden\" name=\"redirect_to\" value=\"\/membres\/wp-json\/wp\/v2\/pages\/22056?login_success=1\">\n\t\t\t\t<input type=\"hidden\" name=\"tb_login\" value=\"1\">\n\n\t\t\t\t\t\t\t<\/p>\n\n\t\t<\/form>\n\n\t\t<form class=\"tb_lostpassword_form tf_clearfix tf_box tf_clear\" name=\"lostpasswordform\" action=\"https:\/\/www.fileasbl.be\/membres\/wp-login.php?action=lostpassword\" method=\"post\" style=\"display:none\">\n\t\t\t<p class=\"tb_lostpassword_username\">\n\t\t\t\t<label>\n\t\t\t\t\t<span class=\"tb_lostpassword_username_text\">Username or Email<\/span>\n\t\t\t\t\t<input type=\"text\" name=\"user_login\" required=\"required\">\n\t\t\t\t<\/label>\n\t\t\t<\/p>\n\n\t\t\t\n\t\t\t\t\t\t<p class=\"tb_lostpassword_submit tf_right\">\n\t\t\t\t<button>Reset Password<\/button>\n\t\t\t<\/p>\n\n\t\t\t<div class=\"tb_login_links tf_left tf_box\">\n\t\t\t\t<a href=\"https:\/\/www.fileasbl.be\/membres\/wp-login.php\">Log In<\/a>\n\t\t\t<\/div>\n\t\t<\/form>\n\n\t    <\/div>\n<\/div><!-- \/module login --><!-- module text -->\n<div  class=\"module module-text tb_gk9d827   \" data-lazy=\"1\">\n        <div  class=\"tb_text_wrap\">\n    <p>Le secret professionnel concerne toutes personnes d\u00e9positaires, par \u00e9tat ou par profession, des secrets qu\u2019on leur confie.<\/p>\n<p>Il trouve sa source \u00e0 l\u2019article 458 du Code P\u00e9nal\u00a0qui, sauf exceptions, l\u2019\u00e9rige en infraction. Cela signifie que la violation du secret professionnel est punissable p\u00e9nalement.<\/p>\n<p>Le secret professionnel couvre les secrets confi\u00e9s au sens le plus large du terme c\u2019est-\u00e0-dire tout ce que le professionnel apprend et observe dans le cadre de sa fonction\u00a0: il peut s\u2019agir d\u2019une confidence directe mais \u00e9galement des secrets qui ne lui sont pas directement confi\u00e9s mais dont le professionnel prend connaissance en raison de sa profession.<\/p>\n<p>Afin de vous guider au travers de cette notion et de ses exceptions, la Commission de Coordination d\u2019Aide aux Enfants Victimes de Maltraitance en Brabant Wallon a publi\u00e9 une brochure intitul\u00e9e <em>Le secret professionnel : \u00ab <a href=\"https:\/\/www.fileasbl.be\/membres\/wp-content\/uploads\/2021\/08\/Brochure_Secret_Professionnel_CCAEVM_Brabant_Wallon_2018.pdf\">le devoir de taire\u2026 la force de nommer<\/a> \u00bb <\/em>.<\/p>\n<p>Pour vos questions plus sp\u00e9cifiques, n\u2019h\u00e9sitez pas \u00e0 contacter l\u2019\u00e9quipe de la FILE (010\/22.52.02 &#8211; contact@fileasbl.be) et\/ou les<a href=\"https:\/\/www.one.be\/professionnel\/maltraitance\/les-referents-maltraitance\/?tt_products=&amp;cHash=f092b789ed4b85edde0aa2464eced4eb\" target=\"_blank\" rel=\"noopener\"> r\u00e9f\u00e9rents Maltraitance ONE<\/a> (02\/542.14.10).<\/p>    <\/div>\n<\/div>\n<!-- \/module text -->\t        <\/div>\n\t    \t<\/div>\n\t\t<div  data-lazy=\"1\" style=\"width: 34%\" class=\"module_column tb-column col2-1 last tb_8nmo10 tf_box\">\n\t\t\t    \t        <div class=\"tb-column-inner tf_box tf_w\">\n\t\t    <!-- module text -->\n<div  class=\"module module-text tb_x2qb827  repeat \" data-lazy=\"1\">\n        <div  class=\"tb_text_wrap\">\n    <p style=\"text-align: center;\"><span style=\"color: #3a4a5a; font-size: 22px;\"><strong>Contact(s) \u00e0 la FILE<\/strong><\/span><\/p>\n<p style=\"text-align: center;\">Carine DELREE &#8211; conseill\u00e8re juridique<\/p>\n<p style=\"text-align: center;\">Isaline DE PLAEN &#8211; conseill\u00e8re juridique<\/p><p style=\"text-align: center;\">Aurore Destr\u00e9e &#8211; conseill\u00e8re juridique<\/p>\n<p style=\"text-align: center;\">juridique(at)fileasbl.be &#8211; +32 10 22 52 02<\/p>    <\/div>\n<\/div>\n<!-- \/module text --><!-- module icon -->\n<div  class=\"module module-icon tb_z7b559  normal circle icon_horizontal \" data-lazy=\"1\">\n    \t    <div class=\"module-icon-item tf_inline_b\">\n\t\t\t\t\t\t\t\t\t\t\t\t\t\t\t\t\t<em class=\"ui tf_vmiddle tf_textc tf_box blue\"><svg  aria-hidden=\"true\" class=\"tf_fa tf-ti-unlock\"><use href=\"#tf-ti-unlock\"><\/use><\/svg><\/em>\n\t\t\t\t\t\t\t\t\t\t\t\t                    \t\t\t\t\t<span class=\"tf_vmiddle\">Contenu r\u00e9serv\u00e9 aux membres<\/span>\n                                    \t\t\t\t    <\/div>\n\t<\/div>\n<!-- \/module icon -->\n<!-- module text -->\n<div  class=\"module module-text tb_yfnd781   \" data-lazy=\"1\">\n        <div  class=\"tb_text_wrap\">\n    <h2>Documents utiles<\/h2>    <\/div>\n<\/div>\n<!-- \/module text --><!-- module text -->\n<div  class=\"module module-text tb_37h9779   \" data-lazy=\"1\">\n        <div  class=\"tb_text_wrap\">\n    <ul>\n<li><a href=\"https:\/\/www.fileasbl.be\/membres\/wp-content\/uploads\/2021\/08\/Brochure_Secret_Professionnel_CCAEVM_Brabant_Wallon_2018.pdf\">Brochure sur le secret professionnel CCAEVM Brabant wallon<\/a><\/li>\n<\/ul>    <\/div>\n<\/div>\n<!-- \/module text -->\t        <\/div>\n\t    \t<\/div>\n\t\t    <\/div>\n\t    <!-- \/row_inner -->\n\t<\/div>\n\t<!-- \/module_row -->\n\t\t<!-- module_row -->\n\t<div  data-lazy=\"1\" class=\"module_row themify_builder_row tb_hmyw208 tf_clearfix\">\n\t    \t\t<div class=\"row_inner col_align_top col-count-1 tf_box tf_w tf_rel\">\n\t\t\t<div  data-lazy=\"1\" class=\"module_column tb-column col-full first tb_fza0209 tf_box\">\n\t\t\t    \t        <div class=\"tb-column-inner tf_box tf_w\">\n\t\t    <!-- module text -->\n<div  class=\"module module-text tb_fzca803   \" data-lazy=\"1\">\n        <div  class=\"tb_text_wrap\">\n    <h2>Derniers articles publi\u00e9s<\/h2>    <\/div>\n<\/div>\n<!-- \/module text --><div  class=\"module tf_clearfix themify_builder_slider_wrap module-slider tb_n09z73  slider-default  \" data-lazy=\"1\">\n        <div class=\"themify_builder_slider tf_carousel tf_swiper-container tf_rel tf_overflow\" data-lazy=\"1\"\t\t    data-tbreakpoints=\"1024\"\n\t\t    data-mbreakpoints=\"480\"\n\tdata-visible=\"1\"\n\tdata-tab-visible=\"\"\n\tdata-mob-visible=\"0\"\n\tdata-scroll=\"\"\n\t\t    \t\t    \tdata-speed=\"1\"\n\tdata-wrapvar=\"1\"\n\tdata-slider_nav=\"1\"\n\tdata-pager=\"1\"\n\tdata-effect=\"scroll\" \n\tdata-height=\"variable\"\n\tdata-horizontal=\"0\"\n\t\t    data-css_url=\"https:\/\/www.fileasbl.be\/membres\/wp-content\/themes\/themify-ultra\/themify\/themify-builder\/css\/modules\/sliders\/carousel.css,https:\/\/www.fileasbl.be\/membres\/wp-content\/themes\/themify-ultra\/themify\/themify-builder\/css\/modules\/sliders\/slider.css\"\n\t>\n\t\t    <div class=\"tf_swiper-wrapper tf_lazy tf_rel tf_w tf_h tf_textc\">\n\t    <!-- \/themify_builder_slider -->\n\t\t    <\/div>\n    <\/div>\n<\/div>\n\t        <\/div>\n\t    \t<\/div>\n\t\t    <\/div>\n\t    <!-- \/row_inner -->\n\t<\/div>\n\t<!-- \/module_row -->\n\t<\/div>\n<!--\/themify_builder_content-->","protected":false},"excerpt":{"rendered":"<p>De 2017 \u00e0 2019, les l\u00e9gislations encadrant les ASBL ont \u00e9t\u00e9 modifi\u00e9es l\u2019une apr\u00e8s l\u2019autre.<\/p>\n","protected":false},"author":154,"featured_media":0,"parent":5299,"menu_order":0,"comment_status":"open","ping_status":"closed","template":"","meta":{"footnotes":""},"class_list":["post-22056","page","type-page","status-publish","hentry","has-post-title","has-post-date","has-post-category","has-post-tag","has-post-comment","has-post-author",""],"yoast_head":"<!-- This site is optimized with the Yoast SEO plugin v27.5 - https:\/\/yoast.com\/product\/yoast-seo-wordpress\/ -->\n<title>Secret professionnel - Site de la FILE<\/title>\n<meta name=\"description\" content=\"Secret professionnel - Site de la FILE\" \/>\n<meta name=\"robots\" content=\"index, follow, max-snippet:-1, max-image-preview:large, max-video-preview:-1\" \/>\n<link rel=\"canonical\" href=\"https:\/\/www.fileasbl.be\/membres\/themes\/secret-professionnel\/\" \/>\n<meta property=\"og:locale\" content=\"fr_FR\" \/>\n<meta property=\"og:type\" content=\"article\" \/>\n<meta property=\"og:title\" content=\"Secret professionnel - Site de la FILE\" \/>\n<meta property=\"og:description\" content=\"Secret professionnel - Site de la FILE\" \/>\n<meta property=\"og:url\" content=\"https:\/\/www.fileasbl.be\/membres\/themes\/secret-professionnel\/\" \/>\n<meta property=\"og:site_name\" content=\"Site de la FILE\" \/>\n<meta property=\"article:publisher\" content=\"https:\/\/www.facebook.com\/fileasbl\/\" \/>\n<meta property=\"article:modified_time\" content=\"2025-02-17T14:17:38+00:00\" \/>\n<meta name=\"twitter:card\" content=\"summary_large_image\" \/>\n<script type=\"application\/ld+json\" class=\"yoast-schema-graph\">{\"@context\":\"https:\\\/\\\/schema.org\",\"@graph\":[{\"@type\":\"WebPage\",\"@id\":\"https:\\\/\\\/www.fileasbl.be\\\/membres\\\/themes\\\/secret-professionnel\\\/\",\"url\":\"https:\\\/\\\/www.fileasbl.be\\\/membres\\\/themes\\\/secret-professionnel\\\/\",\"name\":\"Secret professionnel - Site de la FILE\",\"isPartOf\":{\"@id\":\"https:\\\/\\\/www.fileasbl.be\\\/membres\\\/#website\"},\"datePublished\":\"2021-08-26T14:16:49+00:00\",\"dateModified\":\"2025-02-17T14:17:38+00:00\",\"description\":\"Secret professionnel - Site de la FILE\",\"breadcrumb\":{\"@id\":\"https:\\\/\\\/www.fileasbl.be\\\/membres\\\/themes\\\/secret-professionnel\\\/#breadcrumb\"},\"inLanguage\":\"fr-FR\",\"potentialAction\":[{\"@type\":\"ReadAction\",\"target\":[\"https:\\\/\\\/www.fileasbl.be\\\/membres\\\/themes\\\/secret-professionnel\\\/\"]}]},{\"@type\":\"BreadcrumbList\",\"@id\":\"https:\\\/\\\/www.fileasbl.be\\\/membres\\\/themes\\\/secret-professionnel\\\/#breadcrumb\",\"itemListElement\":[{\"@type\":\"ListItem\",\"position\":1,\"name\":\"Accueil\",\"item\":\"https:\\\/\\\/www.fileasbl.be\\\/membres\\\/\"},{\"@type\":\"ListItem\",\"position\":2,\"name\":\"Th\u00e8mes\",\"item\":\"https:\\\/\\\/www.fileasbl.be\\\/membres\\\/themes\\\/\"},{\"@type\":\"ListItem\",\"position\":3,\"name\":\"Secret professionnel\"}]},{\"@type\":\"WebSite\",\"@id\":\"https:\\\/\\\/www.fileasbl.be\\\/membres\\\/#website\",\"url\":\"https:\\\/\\\/www.fileasbl.be\\\/membres\\\/\",\"name\":\"Site de la FILE\",\"description\":\"FILE Un accueil de qualit\u00e9 accessible \u00e0 tous\",\"potentialAction\":[{\"@type\":\"SearchAction\",\"target\":{\"@type\":\"EntryPoint\",\"urlTemplate\":\"https:\\\/\\\/www.fileasbl.be\\\/membres\\\/?s={search_term_string}\"},\"query-input\":{\"@type\":\"PropertyValueSpecification\",\"valueRequired\":true,\"valueName\":\"search_term_string\"}}],\"inLanguage\":\"fr-FR\"}]}<\/script>\n<!-- \/ Yoast SEO plugin. -->","yoast_head_json":{"title":"Secret professionnel - Site de la FILE","description":"Secret professionnel - Site de la FILE","robots":{"index":"index","follow":"follow","max-snippet":"max-snippet:-1","max-image-preview":"max-image-preview:large","max-video-preview":"max-video-preview:-1"},"canonical":"https:\/\/www.fileasbl.be\/membres\/themes\/secret-professionnel\/","og_locale":"fr_FR","og_type":"article","og_title":"Secret professionnel - Site de la FILE","og_description":"Secret professionnel - Site de la FILE","og_url":"https:\/\/www.fileasbl.be\/membres\/themes\/secret-professionnel\/","og_site_name":"Site de la FILE","article_publisher":"https:\/\/www.facebook.com\/fileasbl\/","article_modified_time":"2025-02-17T14:17:38+00:00","twitter_card":"summary_large_image","schema":{"@context":"https:\/\/schema.org","@graph":[{"@type":"WebPage","@id":"https:\/\/www.fileasbl.be\/membres\/themes\/secret-professionnel\/","url":"https:\/\/www.fileasbl.be\/membres\/themes\/secret-professionnel\/","name":"Secret professionnel - Site de la FILE","isPartOf":{"@id":"https:\/\/www.fileasbl.be\/membres\/#website"},"datePublished":"2021-08-26T14:16:49+00:00","dateModified":"2025-02-17T14:17:38+00:00","description":"Secret professionnel - Site de la FILE","breadcrumb":{"@id":"https:\/\/www.fileasbl.be\/membres\/themes\/secret-professionnel\/#breadcrumb"},"inLanguage":"fr-FR","potentialAction":[{"@type":"ReadAction","target":["https:\/\/www.fileasbl.be\/membres\/themes\/secret-professionnel\/"]}]},{"@type":"BreadcrumbList","@id":"https:\/\/www.fileasbl.be\/membres\/themes\/secret-professionnel\/#breadcrumb","itemListElement":[{"@type":"ListItem","position":1,"name":"Accueil","item":"https:\/\/www.fileasbl.be\/membres\/"},{"@type":"ListItem","position":2,"name":"Th\u00e8mes","item":"https:\/\/www.fileasbl.be\/membres\/themes\/"},{"@type":"ListItem","position":3,"name":"Secret professionnel"}]},{"@type":"WebSite","@id":"https:\/\/www.fileasbl.be\/membres\/#website","url":"https:\/\/www.fileasbl.be\/membres\/","name":"Site de la FILE","description":"FILE Un accueil de qualit\u00e9 accessible \u00e0 tous","potentialAction":[{"@type":"SearchAction","target":{"@type":"EntryPoint","urlTemplate":"https:\/\/www.fileasbl.be\/membres\/?s={search_term_string}"},"query-input":{"@type":"PropertyValueSpecification","valueRequired":true,"valueName":"search_term_string"}}],"inLanguage":"fr-FR"}]}},"builder_content":"<h1 style=\"text-align: right;\">Secret professionnel<\/h1>\n<p><em>Contenu r\u00e9serv\u00e9 aux membres<\/em><\/p>\n\n<p>Le secret professionnel concerne toutes personnes d\u00e9positaires, par \u00e9tat ou par profession, des secrets qu\u2019on leur confie.<\/p> <p>Il trouve sa source \u00e0 l\u2019article 458 du Code P\u00e9nal\u00a0qui, sauf exceptions, l\u2019\u00e9rige en infraction. Cela signifie que la violation du secret professionnel est punissable p\u00e9nalement.<\/p> <p>Le secret professionnel couvre les secrets confi\u00e9s au sens le plus large du terme c\u2019est-\u00e0-dire tout ce que le professionnel apprend et observe dans le cadre de sa fonction\u00a0: il peut s\u2019agir d\u2019une confidence directe mais \u00e9galement des secrets qui ne lui sont pas directement confi\u00e9s mais dont le professionnel prend connaissance en raison de sa profession.<\/p> <p>Afin de vous guider au travers de cette notion et de ses exceptions, la Commission de Coordination d\u2019Aide aux Enfants Victimes de Maltraitance en Brabant Wallon a publi\u00e9 une brochure intitul\u00e9e <em>Le secret professionnel : \u00ab <a href=\"https:\/\/www.fileasbl.be\/membres\/wp-content\/uploads\/2021\/08\/Brochure_Secret_Professionnel_CCAEVM_Brabant_Wallon_2018.pdf\">le devoir de taire\u2026 la force de nommer<\/a> \u00bb <\/em>.<\/p> <p>Pour vos questions plus sp\u00e9cifiques, n\u2019h\u00e9sitez pas \u00e0 contacter l\u2019\u00e9quipe de la FILE (010\/22.52.02 - contact@fileasbl.be) et\/ou les<a href=\"https:\/\/www.one.be\/professionnel\/maltraitance\/les-referents-maltraitance\/?tt_products=&amp;cHash=f092b789ed4b85edde0aa2464eced4eb\" target=\"_blank\" rel=\"noopener\"> r\u00e9f\u00e9rents Maltraitance ONE<\/a> (02\/542.14.10).<\/p>\n<p style=\"text-align: center;\"><strong>Contact(s) \u00e0 la FILE<\/strong><\/p> <p style=\"text-align: center;\">Carine DELREE - conseill\u00e8re juridique<\/p> <p style=\"text-align: center;\">Isaline DE PLAEN - conseill\u00e8re juridique<\/p><p style=\"text-align: center;\">Aurore Destr\u00e9e - conseill\u00e8re juridique<\/p> <p style=\"text-align: center;\">juridique(at)fileasbl.be - +32 10 22 52 02<\/p>\n<em><svg aria-hidden=\"true\"><use href=\"#tf-ti-unlock\"><\/use><\/svg><\/em> Contenu r\u00e9serv\u00e9 aux membres\n<h2>Documents utiles<\/h2>\n<ul> <li><a href=\"https:\/\/www.fileasbl.be\/membres\/wp-content\/uploads\/2021\/08\/Brochure_Secret_Professionnel_CCAEVM_Brabant_Wallon_2018.pdf\">Brochure sur le secret professionnel CCAEVM Brabant wallon<\/a><\/li> <\/ul>\n<h2>Derniers articles publi\u00e9s<\/h2>","_links":{"self":[{"href":"https:\/\/www.fileasbl.be\/membres\/wp-json\/wp\/v2\/pages\/22056","targetHints":{"allow":["GET"]}}],"collection":[{"href":"https:\/\/www.fileasbl.be\/membres\/wp-json\/wp\/v2\/pages"}],"about":[{"href":"https:\/\/www.fileasbl.be\/membres\/wp-json\/wp\/v2\/types\/page"}],"author":[{"embeddable":true,"href":"https:\/\/www.fileasbl.be\/membres\/wp-json\/wp\/v2\/users\/154"}],"replies":[{"embeddable":true,"href":"https:\/\/www.fileasbl.be\/membres\/wp-json\/wp\/v2\/comments?post=22056"}],"version-history":[{"count":0,"href":"https:\/\/www.fileasbl.be\/membres\/wp-json\/wp\/v2\/pages\/22056\/revisions"}],"up":[{"embeddable":true,"href":"https:\/\/www.fileasbl.be\/membres\/wp-json\/wp\/v2\/pages\/5299"}],"wp:attachment":[{"href":"https:\/\/www.fileasbl.be\/membres\/wp-json\/wp\/v2\/media?parent=22056"}],"curies":[{"name":"wp","href":"https:\/\/api.w.org\/{rel}","templated":true}]}}