{"id":32401,"date":"2024-08-12T15:29:03","date_gmt":"2024-08-12T14:29:03","guid":{"rendered":"https:\/\/www.fileasbl.be\/membres\/?page_id=32401"},"modified":"2025-09-01T12:16:33","modified_gmt":"2025-09-01T11:16:33","slug":"sabam-diffusion-de-musique-dans-les-milieux-daccueil","status":"publish","type":"page","link":"https:\/\/www.fileasbl.be\/membres\/themes\/sabam-diffusion-de-musique-dans-les-milieux-daccueil\/","title":{"rendered":"SABAM &#8211; diffusion de musique dans les milieux d&rsquo;accueil"},"content":{"rendered":"<!--themify_builder_content-->\n<div id=\"themify_builder_content-32401\" data-postid=\"32401\" class=\"themify_builder_content themify_builder_content-32401 themify_builder tf_clear\">\n    \t<!-- module_row -->\n\t<div  data-lazy=\"1\" class=\"module_row themify_builder_row tb_2cvv287 tb_first tf_clearfix\">\n\t    \t\t<div class=\"row_inner col_align_top col-count-1 tf_box tf_w tf_rel\">\n\t\t\t<div  data-lazy=\"1\" class=\"module_column tb-column col-full first tb_t9h3287 tf_box\">\n\t\t\t    \t        <div class=\"tb-column-inner tf_box tf_w\">\n\t\t    \t<div  data-lazy=\"1\" class=\"module_subrow themify_builder_sub_row tb_9pp9531 tf_w tf_clearfix\">\n\t    \t\t<div class=\"subrow_inner col_align_top col-count-2 tf_box tf_w\">\n\t\t\t<div  data-lazy=\"1\" class=\"sub_column module_column tf_box col2-1 first tb_7kpf532\"> \n\t    \t    \t        <div class=\"tb-column-inner tf_box tf_w\">\n\t\t    <!-- module text -->\n<div  class=\"module module-text tb_q4m5473   \" data-lazy=\"1\">\n        <div  class=\"tb_text_wrap\">\n    <h3 style=\"text-align: left;\"><em>Informations d\u00e9taill\u00e9es r\u00e9serv\u00e9es aux membres de la FILE<\/em><\/h3>    <\/div>\n<\/div>\n<!-- \/module text -->\t        <\/div>\n\t    \t<\/div>\n\t\t<div  data-lazy=\"1\" class=\"sub_column module_column tf_box col2-1 last tb_4w30532\"> \n\t    \t    \t        <div class=\"tb-column-inner tf_box tf_w\">\n\t\t    <!-- module login -->\n<div  class=\"module module-login tb_qo7n793 \" data-lazy=\"1\">\n\t<div classss=\"tb_login_wrap \">\n\t\n\t\t\t\n\t\t<form class=\"tb_login_form tf_clearfix tf_box tf_clear\" name=\"loginform\" action=\"https:\/\/www.fileasbl.be\/membres\/wp-login.php\" method=\"post\">\n\t\t\t<p class=\"tb_login_username\">\n\t\t\t\t<label>\n\t\t\t\t\t<span class=\"tb_login_username_text\">Username or Email<\/span>\n\t\t\t\t\t<input type=\"text\" name=\"log\" required=\"required\">\n\t\t\t\t<\/label>\n\t\t\t<\/p>\n\t\t\t<p class=\"tb_login_password\">\n\t\t\t\t<label>\n\t\t\t\t\t<span class=\"tb_login_password_text\">Password<\/span>\n\t\t\t\t\t<input type=\"password\" name=\"pwd\" required=\"required\">\n\t\t\t\t<\/label>\n\t\t\t<\/p>\n\t\t\t<div class=\"tb_login_links tf_box tf_clear\">\n\t\t\t\t<a href=\"https:\/\/www.fileasbl.be\/membres\/wp-login.php?action=lostpassword\">Forgotten Password?<\/a>\n\t\t\t<\/div>\n\n\t\t\t\n\t\t\t\t\t\t<p class=\"tb_login_remember tf_left tf_box\">\n\t\t\t\t<label>\n\t\t\t\t\t<input name=\"rememberme\" type=\"checkbox\" value=\"forever\"> \n\t\t\t\t\t<span class=\"tb_login_remember_text\">Remember Me<\/span>\n\t\t\t\t<\/label>\n\t\t\t<\/p>\n\t\t\t\t\t\t<p class=\"tb_login_submit tf_right\">\n\t\t\t\t<button name=\"wp-submit\">Log In<\/button>\n\t\t\t\t<input type=\"hidden\" name=\"redirect_to\" value=\"\/membres\/wp-json\/wp\/v2\/pages\/32401?login_success=1\">\n\t\t\t\t<input type=\"hidden\" name=\"tb_login\" value=\"1\">\n\n\t\t\t\t\t\t\t<\/p>\n\n\t\t<\/form>\n\n\t\t<form class=\"tb_lostpassword_form tf_clearfix tf_box tf_clear\" name=\"lostpasswordform\" action=\"https:\/\/www.fileasbl.be\/membres\/wp-login.php?action=lostpassword\" method=\"post\" style=\"display:none\">\n\t\t\t<p class=\"tb_lostpassword_username\">\n\t\t\t\t<label>\n\t\t\t\t\t<span class=\"tb_lostpassword_username_text\">Username or Email<\/span>\n\t\t\t\t\t<input type=\"text\" name=\"user_login\" required=\"required\">\n\t\t\t\t<\/label>\n\t\t\t<\/p>\n\n\t\t\t\n\t\t\t\t\t\t<p class=\"tb_lostpassword_submit tf_right\">\n\t\t\t\t<button>Reset Password<\/button>\n\t\t\t<\/p>\n\n\t\t\t<div class=\"tb_login_links tf_left tf_box\">\n\t\t\t\t<a href=\"https:\/\/www.fileasbl.be\/membres\/wp-login.php\">Log In<\/a>\n\t\t\t<\/div>\n\t\t<\/form>\n\n\t    <\/div>\n<\/div><!-- \/module login -->\t        <\/div>\n\t    \t<\/div>\n\t\t    <\/div>\n\t<\/div><!-- \/themify_builder_sub_row -->\n\t\t        <\/div>\n\t    \t<\/div>\n\t\t    <\/div>\n\t    <!-- \/row_inner -->\n\t<\/div>\n\t<!-- \/module_row -->\n\t\t<!-- module_row -->\n\t<div  data-lazy=\"1\" class=\"module_row themify_builder_row tb_ffecf6f tf_clearfix\">\n\t    \t\t<div class=\"row_inner col_align_top col-count-2 tf_box tf_w tf_rel\">\n\t\t\t<div  data-lazy=\"1\" style=\"width: 67%\" class=\"module_column tb-column col3-2 first tb_f5af887 tf_box\">\n\t\t\t    \t        <div class=\"tb-column-inner tf_box tf_w\">\n\t\t    <!-- module text -->\n<div  class=\"module module-text tb_361f984  repeat \" data-lazy=\"1\">\n    <h3 class=\"module-title\">SABAM et \u00e9coute de la musique dans les milieux d\u2019accueil<\/h3>    <div  class=\"tb_text_wrap\">\n    <table width=\"100%\">\n<tbody>\n<tr>\n<td>\n<table width=\"100%\">\n<tbody>\n<tr>\n<td width=\"600\">\n<table width=\"100%\">\n<tbody>\n<tr>\n<td>\n<ul>\n<li><strong><u>\u00a0Le droit d\u2019auteur, droit voisin\u00a0: qu\u00e9saco ?<\/u><\/strong><\/li>\n<\/ul>\n<p>Sous les termes \u00ab\u00a0droit d\u2019auteur\u00a0\u00bb, on d\u00e9signe g\u00e9n\u00e9ralement la protection dont b\u00e9n\u00e9ficie l\u2019auteur sur toute \u0153uvre originale qu\u2019il cr\u00e9e. Par exemple sur des \u00e9crits (litt\u00e9rature, manuels de cours) des images (peinture, photos) ou de la musique.<\/p>\n<p>Cette protection peut s\u2019apparenter \u00e0 un droit de propri\u00e9t\u00e9 qui permet \u00e0 l\u2019auteur d\u2019interdire toute utilisation de son \u0153uvre sans autorisation pr\u00e9alable. Les termes \u00ab\u00a0droit d\u2019auteur\u00a0\u00bb sont \u00e9galement utilis\u00e9s pour d\u00e9signer la r\u00e9mun\u00e9ration per\u00e7ue par l\u2019auteur en contrepartie de l\u2019exploitation de ses \u0153uvres.<\/p>\n<p>Les droits voisins, quant \u00e0 eux, prot\u00e8gent la contribution artistique ou financi\u00e8re investie dans la cr\u00e9ation litt\u00e9raire et artistique. Pour la musique, ce sont les artistes-interpr\u00e8tes et les producteurs. Des soci\u00e9t\u00e9s de gestion dite collective (SABAM, etc.,) octroient des licences (autorisation d\u2019utilisation) sur tout le r\u00e9pertoire de leurs membres moyennant paiement de la redevance (droit des compositeurs et paroliers) et de la r\u00e9mun\u00e9ration \u00e9quitable (artistes-interpr\u00e8tes et producteurs).\u00a0<\/p>\n<ul>\n<li><strong><u>Diffusion de la musique dans le cadre de l\u2019accueil des enfants<\/u><\/strong><\/li>\n<\/ul>\n<p>En tant qu\u2019\u00e9tablissement d\u2019accueil de la petite enfance, des activit\u00e9s d\u2019\u00e9veil musical sont fr\u00e9quemment propos\u00e9es aux enfants.<br>Pour ces activit\u00e9s il ne faut pas faire d\u2019autorisation pr\u00e9alable ou de paiement \u00e0 la Sabam. En effet, ces activit\u00e9s tombent sous le r\u00e9gime de l\u2019exception qui vise sp\u00e9cifiquement les activit\u00e9s p\u00e9dagogiques faites au sein des \u00e9tablissements d\u2019accueil de la petite enfance (depuis la loi du 2 mai 2019 <em>\u00ab modifiant le Code de droit \u00e9conomique, visant \u00e0 inscrire les milieux d\u2019accueil de la petite enfance dans le champ des exceptions aux droits d\u2019auteur <\/em>\u00bb).<\/p>\n<p>Toute autre activit\u00e9 organis\u00e9e au sein des \u00e9tablissements d\u2019accueil de la petite enfance, qui n\u2019impliquerait pas une fonction \u00e9ducative d\u2019\u00e9veil ou d\u2019interaction avec les enfants accueillis, n\u2019est pas vis\u00e9e par l\u2019exception. Par exemple, si la diffusion de musique a lieu dans le cadre d\u2019une f\u00eate, la r\u00e9mun\u00e9ration \u00e9quitable sera due. La perception de la r\u00e9mun\u00e9ration \u00e9quitable se fait via le guichet unique Unisono.<br>Pour la diffusion de musique dans les locaux uniquement accessibles aux travailleurs, une redevance est due si on peut compter plus de 8 emplois calcul\u00e9s en ETP. Il est \u00e9galement possible de pr\u00e9voir une clause dans le r\u00e8glement de travail interdisant la diffusion de musique sur les lieux du travail et de veiller au respect de cette r\u00e8gle afin d\u2019\u00e9viter de payer toute redevance.<\/p>\n<\/td>\n<\/tr>\n<\/tbody>\n<\/table>\n<\/td>\n<\/tr>\n<\/tbody>\n<\/table>\n<\/td>\n<\/tr>\n<\/tbody>\n<\/table>    <\/div>\n<\/div>\n<!-- \/module text -->\t        <\/div>\n\t    \t<\/div>\n\t\t<div  data-lazy=\"1\" style=\"width: 29.8%\" class=\"module_column tb-column col3-1 last tb_74b1bbf tf_box\">\n\t\t\t    \t        <div class=\"tb-column-inner tf_box tf_w\">\n\t\t    <!-- module text -->\n<div  class=\"module module-text tb_l7ok780   \" data-lazy=\"1\">\n        <div  class=\"tb_text_wrap\">\n    <h2>Ressources :<\/h2>\n<ul>\n<li>juridique@fileasbl.be 010 22 52 02<\/li>\n<li>\n<p><a href=\"https:\/\/www.sabam.be\/fr\">www.sabam.be<\/a><\/p>\n<\/li>\n<\/ul>    <\/div>\n<\/div>\n<!-- \/module text -->\t        <\/div>\n\t    \t<\/div>\n\t\t    <\/div>\n\t    <!-- \/row_inner -->\n\t<\/div>\n\t<!-- \/module_row -->\n\t\t<!-- module_row -->\n\t<div  data-lazy=\"1\" class=\"module_row themify_builder_row tb_q77h367 tf_clearfix\">\n\t    \t\t<div class=\"row_inner col_align_top col-count-1 tf_box tf_w tf_rel\">\n\t\t\t<div  data-lazy=\"1\" class=\"module_column tb-column col-full first tb_x6cy367 tf_box\">\n\t\t\t    \t        <div class=\"tb-column-inner tf_box tf_w\">\n\t\t        <!-- module post -->\n    <div  class=\"module module-post tb_2exy924 \">\n        <h3 class=\"module-title\">Derniers articles<\/h3>        <div  class=\"builder-posts-wrap loops-wrapper list-post classic tf_clear tf_clearfix\" data-lazy=\"1\">\n            <article id=\"post-34176\" class=\"post tf_clearfix post-34176 type-post status-publish format-standard hentry category-fin-de-carriere has-post-title has-post-date has-post-category has-post-tag has-post-comment has-post-author \">\n\t    \n\t\t<div class=\"post-content\">\n\t\t<div class=\"post-content-inner\">\n\n\t\t\t\t\t\t\t\t<div class=\"post-date-wrap post-date-inline\">\n\t\t<time class=\"post-date entry-date updated\" datetime=\"2026-01-12\">\n\t\t\t\t\t<span class=\"year\">12 janvier 2026<\/span>\n\t\t\t\t<\/time>\n\t<\/div><!-- .post-date-wrap -->\n\t\t\t\t\n\t\t\t<h2 class=\"post-title entry-title\"><a href=\"https:\/\/www.fileasbl.be\/membres\/en-bref-secteur-prive-fin-de-carriere-renouvellement-des-conventions-collectives-du-travail\/\">En bref &#8211; Secteur priv\u00e9\u00a0\u2013 Fin de carri\u00e8re \u2013 renouvellement des Conventions collectives du Travail<\/a><\/h2>\n\t\t\t\t\t\t\t<p class=\"post-meta entry-meta\">\n\t\t\t\t\t\t\t\t\t\t\t<span class=\"post-author\"><span class=\"author vcard\"><a class=\"url fn n\" href=\"https:\/\/www.fileasbl.be\/membres\/author\/assistancejuridiquefileasbl-be\/\" rel=\"author\">Isaline De Plaen<\/a><\/span><\/span>\n\t\t\t\t\t\n\t\t\t\t\t<span class=\"post-category\"><a href=\"https:\/\/www.fileasbl.be\/membres\/category\/fin-de-carriere\/\" rel=\"tag\" class=\"term-fin-de-carriere\">Fin de carri\u00e8re<\/a><\/span>\n\t\t\t\t\t\t\t\t\t\t\t\t\t\t\t\t\n\t\t\t\t\t\t\t\t\t<\/p>\n\t\t\t\t<!-- \/post-meta -->\n\t\t\t\n\t\t\t\n\t\t\t\t<div class=\"entry-content\">\n\n        \n\t<\/div><!-- \/.entry-content -->\n\t\n\t\t<\/div>\n\t\t<!-- \/.post-content-inner -->\n\t<\/div>\n\t<!-- \/.post-content -->\n\t\n<\/article>\n<!-- \/.post -->\n<article id=\"post-33814\" class=\"post tf_clearfix post-33814 type-post status-publish format-standard hentry category-fin-de-carriere has-post-title has-post-date has-post-category has-post-tag has-post-comment has-post-author \">\n\t    \n\t\t<div class=\"post-content\">\n\t\t<div class=\"post-content-inner\">\n\n\t\t\t\t\t\t\t\t<div class=\"post-date-wrap post-date-inline\">\n\t\t<time class=\"post-date entry-date updated\" datetime=\"2025-08-26\">\n\t\t\t\t\t<span class=\"year\">26 ao\u00fbt 2025<\/span>\n\t\t\t\t<\/time>\n\t<\/div><!-- .post-date-wrap -->\n\t\t\t\t\n\t\t\t<h2 class=\"post-title entry-title\"><a href=\"https:\/\/www.fileasbl.be\/membres\/secteur-prive-nouvelle-cct-fin-de-carriere\/\">Secteur priv\u00e9 &#8211; Nouvelle CCT fin de carri\u00e8re<\/a><\/h2>\n\t\t\t\t\t\t\t<p class=\"post-meta entry-meta\">\n\t\t\t\t\t\t\t\t\t\t\t<span class=\"post-author\"><span class=\"author vcard\"><a class=\"url fn n\" href=\"https:\/\/www.fileasbl.be\/membres\/author\/assistancejuridiquefileasbl-be\/\" rel=\"author\">Isaline De Plaen<\/a><\/span><\/span>\n\t\t\t\t\t\n\t\t\t\t\t<span class=\"post-category\"><a href=\"https:\/\/www.fileasbl.be\/membres\/category\/fin-de-carriere\/\" rel=\"tag\" class=\"term-fin-de-carriere\">Fin de carri\u00e8re<\/a><\/span>\n\t\t\t\t\t\t\t\t\t\t\t\t\t\t\t\t\n\t\t\t\t\t\t\t\t\t<\/p>\n\t\t\t\t<!-- \/post-meta -->\n\t\t\t\n\t\t\t\n\t\t\t\t<div class=\"entry-content\">\n\n        \n\t<\/div><!-- \/.entry-content -->\n\t\n\t\t<\/div>\n\t\t<!-- \/.post-content-inner -->\n\t<\/div>\n\t<!-- \/.post-content -->\n\t\n<\/article>\n<!-- \/.post -->\n    <\/div><!-- .builder-posts-wrap -->\n    <\/div>\n    <!-- \/module post -->\n<div  class=\"module tf_clearfix themify_builder_slider_wrap module-slider tb_6r15694  slider-default  \" data-lazy=\"1\">\n        <div class=\"themify_builder_slider tf_carousel tf_swiper-container tf_rel tf_overflow\" data-lazy=\"1\"\t\t    data-tbreakpoints=\"1024\"\n\t\t    data-mbreakpoints=\"480\"\n\tdata-visible=\"1\"\n\tdata-tab-visible=\"1\"\n\tdata-mob-visible=\"1\"\n\tdata-scroll=\"1\"\n\t\t    \t\t    \tdata-speed=\"1\"\n\tdata-wrapvar=\"1\"\n\tdata-slider_nav=\"1\"\n\tdata-pager=\"1\"\n\tdata-effect=\"scroll\" \n\tdata-height=\"variable\"\n\tdata-horizontal=\"0\"\n\t\t    data-css_url=\"https:\/\/www.fileasbl.be\/membres\/wp-content\/themes\/themify-ultra\/themify\/themify-builder\/css\/modules\/sliders\/carousel.css,https:\/\/www.fileasbl.be\/membres\/wp-content\/themes\/themify-ultra\/themify\/themify-builder\/css\/modules\/sliders\/slider.css\"\n\t>\n\t\t    <div class=\"tf_swiper-wrapper tf_lazy tf_rel tf_w tf_h tf_textc\">\n\t    <!-- \/themify_builder_slider -->\n\t\t    <\/div>\n    <\/div>\n<\/div>\n\t        <\/div>\n\t    \t<\/div>\n\t\t    <\/div>\n\t    <!-- \/row_inner -->\n\t<\/div>\n\t<!-- \/module_row -->\n\t<\/div>\n<!--\/themify_builder_content-->","protected":false},"excerpt":{"rendered":"<p>Informations d\u00e9taill\u00e9es r\u00e9serv\u00e9es aux membres de la FILE SABAM et \u00e9coute de la musique dans les milieux d\u2019accueil \u00a0Le droit d\u2019auteur, droit voisin\u00a0: qu\u00e9saco ? Sous les termes \u00ab\u00a0droit d\u2019auteur\u00a0\u00bb, on d\u00e9signe g\u00e9n\u00e9ralement la protection dont b\u00e9n\u00e9ficie l\u2019auteur sur toute \u0153uvre originale qu\u2019il cr\u00e9e. Par exemple sur des \u00e9crits (litt\u00e9rature, manuels de cours) des images [&hellip;]<\/p>\n","protected":false},"author":142,"featured_media":0,"parent":5299,"menu_order":0,"comment_status":"closed","ping_status":"closed","template":"","meta":{"footnotes":""},"class_list":["post-32401","page","type-page","status-publish","hentry","has-post-title","has-post-date","has-post-category","has-post-tag","has-post-comment","has-post-author",""],"yoast_head":"<!-- This site is optimized with the Yoast SEO plugin v27.4 - https:\/\/yoast.com\/product\/yoast-seo-wordpress\/ -->\n<title>SABAM - diffusion de musique dans les milieux d&#039;accueil - Site de la FILE<\/title>\n<meta name=\"description\" content=\"Tout savoir sur le cong\u00e9 parental pour les employeurs membres de la FILE\" \/>\n<meta name=\"robots\" content=\"index, follow, max-snippet:-1, max-image-preview:large, max-video-preview:-1\" \/>\n<link rel=\"canonical\" href=\"https:\/\/www.fileasbl.be\/membres\/themes\/sabam-diffusion-de-musique-dans-les-milieux-daccueil\/\" \/>\n<meta property=\"og:locale\" content=\"fr_FR\" \/>\n<meta property=\"og:type\" content=\"article\" \/>\n<meta property=\"og:title\" content=\"SABAM - diffusion de musique dans les milieux d&#039;accueil - Site de la FILE\" \/>\n<meta property=\"og:description\" content=\"Tout savoir sur le cong\u00e9 parental pour les employeurs membres de la FILE\" \/>\n<meta property=\"og:url\" content=\"https:\/\/www.fileasbl.be\/membres\/themes\/sabam-diffusion-de-musique-dans-les-milieux-daccueil\/\" \/>\n<meta property=\"og:site_name\" content=\"Site de la FILE\" \/>\n<meta property=\"article:publisher\" content=\"https:\/\/www.facebook.com\/fileasbl\/\" \/>\n<meta property=\"article:modified_time\" content=\"2025-09-01T11:16:33+00:00\" \/>\n<meta name=\"twitter:card\" content=\"summary_large_image\" \/>\n<meta name=\"twitter:label1\" content=\"Dur\u00e9e de lecture estim\u00e9e\" \/>\n\t<meta name=\"twitter:data1\" content=\"4 minutes\" \/>\n<script type=\"application\/ld+json\" class=\"yoast-schema-graph\">{\"@context\":\"https:\\\/\\\/schema.org\",\"@graph\":[{\"@type\":\"WebPage\",\"@id\":\"https:\\\/\\\/www.fileasbl.be\\\/membres\\\/themes\\\/sabam-diffusion-de-musique-dans-les-milieux-daccueil\\\/\",\"url\":\"https:\\\/\\\/www.fileasbl.be\\\/membres\\\/themes\\\/sabam-diffusion-de-musique-dans-les-milieux-daccueil\\\/\",\"name\":\"SABAM - diffusion de musique dans les milieux d'accueil - Site de la FILE\",\"isPartOf\":{\"@id\":\"https:\\\/\\\/www.fileasbl.be\\\/membres\\\/#website\"},\"datePublished\":\"2024-08-12T14:29:03+00:00\",\"dateModified\":\"2025-09-01T11:16:33+00:00\",\"description\":\"Tout savoir sur le cong\u00e9 parental pour les employeurs membres de la FILE\",\"breadcrumb\":{\"@id\":\"https:\\\/\\\/www.fileasbl.be\\\/membres\\\/themes\\\/sabam-diffusion-de-musique-dans-les-milieux-daccueil\\\/#breadcrumb\"},\"inLanguage\":\"fr-FR\",\"potentialAction\":[{\"@type\":\"ReadAction\",\"target\":[\"https:\\\/\\\/www.fileasbl.be\\\/membres\\\/themes\\\/sabam-diffusion-de-musique-dans-les-milieux-daccueil\\\/\"]}]},{\"@type\":\"BreadcrumbList\",\"@id\":\"https:\\\/\\\/www.fileasbl.be\\\/membres\\\/themes\\\/sabam-diffusion-de-musique-dans-les-milieux-daccueil\\\/#breadcrumb\",\"itemListElement\":[{\"@type\":\"ListItem\",\"position\":1,\"name\":\"Accueil\",\"item\":\"https:\\\/\\\/www.fileasbl.be\\\/membres\\\/\"},{\"@type\":\"ListItem\",\"position\":2,\"name\":\"Th\u00e8mes\",\"item\":\"https:\\\/\\\/www.fileasbl.be\\\/membres\\\/themes\\\/\"},{\"@type\":\"ListItem\",\"position\":3,\"name\":\"SABAM &#8211; diffusion de musique dans les milieux d&rsquo;accueil\"}]},{\"@type\":\"WebSite\",\"@id\":\"https:\\\/\\\/www.fileasbl.be\\\/membres\\\/#website\",\"url\":\"https:\\\/\\\/www.fileasbl.be\\\/membres\\\/\",\"name\":\"Site de la FILE\",\"description\":\"FILE Un accueil de qualit\u00e9 accessible \u00e0 tous\",\"potentialAction\":[{\"@type\":\"SearchAction\",\"target\":{\"@type\":\"EntryPoint\",\"urlTemplate\":\"https:\\\/\\\/www.fileasbl.be\\\/membres\\\/?s={search_term_string}\"},\"query-input\":{\"@type\":\"PropertyValueSpecification\",\"valueRequired\":true,\"valueName\":\"search_term_string\"}}],\"inLanguage\":\"fr-FR\"}]}<\/script>\n<!-- \/ Yoast SEO plugin. -->","yoast_head_json":{"title":"SABAM - diffusion de musique dans les milieux d'accueil - Site de la FILE","description":"Tout savoir sur le cong\u00e9 parental pour les employeurs membres de la FILE","robots":{"index":"index","follow":"follow","max-snippet":"max-snippet:-1","max-image-preview":"max-image-preview:large","max-video-preview":"max-video-preview:-1"},"canonical":"https:\/\/www.fileasbl.be\/membres\/themes\/sabam-diffusion-de-musique-dans-les-milieux-daccueil\/","og_locale":"fr_FR","og_type":"article","og_title":"SABAM - diffusion de musique dans les milieux d'accueil - Site de la FILE","og_description":"Tout savoir sur le cong\u00e9 parental pour les employeurs membres de la FILE","og_url":"https:\/\/www.fileasbl.be\/membres\/themes\/sabam-diffusion-de-musique-dans-les-milieux-daccueil\/","og_site_name":"Site de la FILE","article_publisher":"https:\/\/www.facebook.com\/fileasbl\/","article_modified_time":"2025-09-01T11:16:33+00:00","twitter_card":"summary_large_image","twitter_misc":{"Dur\u00e9e de lecture estim\u00e9e":"4 minutes"},"schema":{"@context":"https:\/\/schema.org","@graph":[{"@type":"WebPage","@id":"https:\/\/www.fileasbl.be\/membres\/themes\/sabam-diffusion-de-musique-dans-les-milieux-daccueil\/","url":"https:\/\/www.fileasbl.be\/membres\/themes\/sabam-diffusion-de-musique-dans-les-milieux-daccueil\/","name":"SABAM - diffusion de musique dans les milieux d'accueil - Site de la FILE","isPartOf":{"@id":"https:\/\/www.fileasbl.be\/membres\/#website"},"datePublished":"2024-08-12T14:29:03+00:00","dateModified":"2025-09-01T11:16:33+00:00","description":"Tout savoir sur le cong\u00e9 parental pour les employeurs membres de la FILE","breadcrumb":{"@id":"https:\/\/www.fileasbl.be\/membres\/themes\/sabam-diffusion-de-musique-dans-les-milieux-daccueil\/#breadcrumb"},"inLanguage":"fr-FR","potentialAction":[{"@type":"ReadAction","target":["https:\/\/www.fileasbl.be\/membres\/themes\/sabam-diffusion-de-musique-dans-les-milieux-daccueil\/"]}]},{"@type":"BreadcrumbList","@id":"https:\/\/www.fileasbl.be\/membres\/themes\/sabam-diffusion-de-musique-dans-les-milieux-daccueil\/#breadcrumb","itemListElement":[{"@type":"ListItem","position":1,"name":"Accueil","item":"https:\/\/www.fileasbl.be\/membres\/"},{"@type":"ListItem","position":2,"name":"Th\u00e8mes","item":"https:\/\/www.fileasbl.be\/membres\/themes\/"},{"@type":"ListItem","position":3,"name":"SABAM &#8211; diffusion de musique dans les milieux d&rsquo;accueil"}]},{"@type":"WebSite","@id":"https:\/\/www.fileasbl.be\/membres\/#website","url":"https:\/\/www.fileasbl.be\/membres\/","name":"Site de la FILE","description":"FILE Un accueil de qualit\u00e9 accessible \u00e0 tous","potentialAction":[{"@type":"SearchAction","target":{"@type":"EntryPoint","urlTemplate":"https:\/\/www.fileasbl.be\/membres\/?s={search_term_string}"},"query-input":{"@type":"PropertyValueSpecification","valueRequired":true,"valueName":"search_term_string"}}],"inLanguage":"fr-FR"}]}},"builder_content":"<h3 style=\"text-align: left;\"><em>Informations d\u00e9taill\u00e9es r\u00e9serv\u00e9es aux membres de la FILE<\/em><\/h3>\n<h3>SABAM et \u00e9coute de la musique dans les milieux d\u2019accueil<\/h3> <table width=\"100%\"> <tbody> <tr> <td> <table width=\"100%\"> <tbody> <tr> <td width=\"600\"> <table width=\"100%\"> <tbody> <tr> <td> <ul> <li><strong><u>\u00a0Le droit d\u2019auteur, droit voisin\u00a0: qu\u00e9saco ?<\/u><\/strong><\/li> <\/ul> <p>Sous les termes \u00ab\u00a0droit d\u2019auteur\u00a0\u00bb, on d\u00e9signe g\u00e9n\u00e9ralement la protection dont b\u00e9n\u00e9ficie l\u2019auteur sur toute \u0153uvre originale qu\u2019il cr\u00e9e. Par exemple sur des \u00e9crits (litt\u00e9rature, manuels de cours) des images (peinture, photos) ou de la musique.<\/p> <p>Cette protection peut s\u2019apparenter \u00e0 un droit de propri\u00e9t\u00e9 qui permet \u00e0 l\u2019auteur d\u2019interdire toute utilisation de son \u0153uvre sans autorisation pr\u00e9alable. Les termes \u00ab\u00a0droit d\u2019auteur\u00a0\u00bb sont \u00e9galement utilis\u00e9s pour d\u00e9signer la r\u00e9mun\u00e9ration per\u00e7ue par l\u2019auteur en contrepartie de l\u2019exploitation de ses \u0153uvres.<\/p> <p>Les droits voisins, quant \u00e0 eux, prot\u00e8gent la contribution artistique ou financi\u00e8re investie dans la cr\u00e9ation litt\u00e9raire et artistique. Pour la musique, ce sont les artistes-interpr\u00e8tes et les producteurs. Des soci\u00e9t\u00e9s de gestion dite collective (SABAM, etc.,) octroient des licences (autorisation d\u2019utilisation) sur tout le r\u00e9pertoire de leurs membres moyennant paiement de la redevance (droit des compositeurs et paroliers) et de la r\u00e9mun\u00e9ration \u00e9quitable (artistes-interpr\u00e8tes et producteurs).\u00a0<\/p> <ul> <li><strong><u>Diffusion de la musique dans le cadre de l\u2019accueil des enfants<\/u><\/strong><\/li> <\/ul> <p>En tant qu\u2019\u00e9tablissement d\u2019accueil de la petite enfance, des activit\u00e9s d\u2019\u00e9veil musical sont fr\u00e9quemment propos\u00e9es aux enfants.<br>Pour ces activit\u00e9s il ne faut pas faire d\u2019autorisation pr\u00e9alable ou de paiement \u00e0 la Sabam. En effet, ces activit\u00e9s tombent sous le r\u00e9gime de l\u2019exception qui vise sp\u00e9cifiquement les activit\u00e9s p\u00e9dagogiques faites au sein des \u00e9tablissements d\u2019accueil de la petite enfance (depuis la loi du 2 mai 2019 <em>\u00ab modifiant le Code de droit \u00e9conomique, visant \u00e0 inscrire les milieux d\u2019accueil de la petite enfance dans le champ des exceptions aux droits d\u2019auteur <\/em>\u00bb).<\/p> <p>Toute autre activit\u00e9 organis\u00e9e au sein des \u00e9tablissements d\u2019accueil de la petite enfance, qui n\u2019impliquerait pas une fonction \u00e9ducative d\u2019\u00e9veil ou d\u2019interaction avec les enfants accueillis, n\u2019est pas vis\u00e9e par l\u2019exception. Par exemple, si la diffusion de musique a lieu dans le cadre d\u2019une f\u00eate, la r\u00e9mun\u00e9ration \u00e9quitable sera due. La perception de la r\u00e9mun\u00e9ration \u00e9quitable se fait via le guichet unique Unisono.<br>Pour la diffusion de musique dans les locaux uniquement accessibles aux travailleurs, une redevance est due si on peut compter plus de 8 emplois calcul\u00e9s en ETP. Il est \u00e9galement possible de pr\u00e9voir une clause dans le r\u00e8glement de travail interdisant la diffusion de musique sur les lieux du travail et de veiller au respect de cette r\u00e8gle afin d\u2019\u00e9viter de payer toute redevance.<\/p> <\/td> <\/tr> <\/tbody> <\/table> <\/td> <\/tr> <\/tbody> <\/table> <\/td> <\/tr> <\/tbody> <\/table>\n<h2>Ressources :<\/h2> <ul> <li>juridique@fileasbl.be 010 22 52 02<\/li> <li> <p><a href=\"https:\/\/www.sabam.be\/fr\">www.sabam.be<\/a><\/p> <\/li> <\/ul>","_links":{"self":[{"href":"https:\/\/www.fileasbl.be\/membres\/wp-json\/wp\/v2\/pages\/32401","targetHints":{"allow":["GET"]}}],"collection":[{"href":"https:\/\/www.fileasbl.be\/membres\/wp-json\/wp\/v2\/pages"}],"about":[{"href":"https:\/\/www.fileasbl.be\/membres\/wp-json\/wp\/v2\/types\/page"}],"author":[{"embeddable":true,"href":"https:\/\/www.fileasbl.be\/membres\/wp-json\/wp\/v2\/users\/142"}],"replies":[{"embeddable":true,"href":"https:\/\/www.fileasbl.be\/membres\/wp-json\/wp\/v2\/comments?post=32401"}],"version-history":[{"count":0,"href":"https:\/\/www.fileasbl.be\/membres\/wp-json\/wp\/v2\/pages\/32401\/revisions"}],"up":[{"embeddable":true,"href":"https:\/\/www.fileasbl.be\/membres\/wp-json\/wp\/v2\/pages\/5299"}],"wp:attachment":[{"href":"https:\/\/www.fileasbl.be\/membres\/wp-json\/wp\/v2\/media?parent=32401"}],"curies":[{"name":"wp","href":"https:\/\/api.w.org\/{rel}","templated":true}]}}