{"id":32411,"date":"2024-08-12T15:38:21","date_gmt":"2024-08-12T14:38:21","guid":{"rendered":"https:\/\/www.fileasbl.be\/membres\/?page_id=32411"},"modified":"2024-08-12T15:38:23","modified_gmt":"2024-08-12T14:38:23","slug":"extrait-casier-judiciaire-en-milieu-daccueil","status":"publish","type":"page","link":"https:\/\/www.fileasbl.be\/membres\/themes\/extrait-casier-judiciaire-en-milieu-daccueil\/","title":{"rendered":"Extrait casier judiciaire en milieu d&rsquo;accueil"},"content":{"rendered":"<!--themify_builder_content-->\n<div id=\"themify_builder_content-32411\" data-postid=\"32411\" class=\"themify_builder_content themify_builder_content-32411 themify_builder tf_clear\">\n    \t<!-- module_row -->\n\t<div  data-lazy=\"1\" class=\"module_row themify_builder_row tb_2cvv287 tb_first tf_clearfix\">\n\t    \t\t<div class=\"row_inner col_align_top col-count-1 tf_box tf_w tf_rel\">\n\t\t\t<div  data-lazy=\"1\" class=\"module_column tb-column col-full first tb_t9h3287 tf_box\">\n\t\t\t    \t        <div class=\"tb-column-inner tf_box tf_w\">\n\t\t    \t<div  data-lazy=\"1\" class=\"module_subrow themify_builder_sub_row tb_9pp9531 tf_w tf_clearfix\">\n\t    \t\t<div class=\"subrow_inner col_align_top col-count-2 tf_box tf_w\">\n\t\t\t<div  data-lazy=\"1\" class=\"sub_column module_column tf_box col2-1 first tb_7kpf532\"> \n\t    \t    \t        <div class=\"tb-column-inner tf_box tf_w\">\n\t\t    <!-- module text -->\n<div  class=\"module module-text tb_q4m5473   \" data-lazy=\"1\">\n        <div  class=\"tb_text_wrap\">\n    <h3 style=\"text-align: left;\"><em>Informations d\u00e9taill\u00e9es r\u00e9serv\u00e9es aux membres de la FILE<\/em><\/h3>    <\/div>\n<\/div>\n<!-- \/module text -->\t        <\/div>\n\t    \t<\/div>\n\t\t<div  data-lazy=\"1\" class=\"sub_column module_column tf_box col2-1 last tb_4w30532\"> \n\t    \t    \t        <div class=\"tb-column-inner tf_box tf_w\">\n\t\t    <!-- module login -->\n<div  class=\"module module-login tb_qo7n793 \" data-lazy=\"1\">\n\t<div classss=\"tb_login_wrap \">\n\t\n\t\t\t\n\t\t<form class=\"tb_login_form tf_clearfix tf_box tf_clear\" name=\"loginform\" action=\"https:\/\/www.fileasbl.be\/membres\/wp-login.php\" method=\"post\">\n\t\t\t<p class=\"tb_login_username\">\n\t\t\t\t<label>\n\t\t\t\t\t<span class=\"tb_login_username_text\">Username or Email<\/span>\n\t\t\t\t\t<input type=\"text\" name=\"log\" required=\"required\">\n\t\t\t\t<\/label>\n\t\t\t<\/p>\n\t\t\t<p class=\"tb_login_password\">\n\t\t\t\t<label>\n\t\t\t\t\t<span class=\"tb_login_password_text\">Password<\/span>\n\t\t\t\t\t<input type=\"password\" name=\"pwd\" required=\"required\">\n\t\t\t\t<\/label>\n\t\t\t<\/p>\n\t\t\t<div class=\"tb_login_links tf_box tf_clear\">\n\t\t\t\t<a href=\"https:\/\/www.fileasbl.be\/membres\/wp-login.php?action=lostpassword\">Forgotten Password?<\/a>\n\t\t\t<\/div>\n\n\t\t\t\n\t\t\t\t\t\t<p class=\"tb_login_remember tf_left tf_box\">\n\t\t\t\t<label>\n\t\t\t\t\t<input name=\"rememberme\" type=\"checkbox\" value=\"forever\"> \n\t\t\t\t\t<span class=\"tb_login_remember_text\">Remember Me<\/span>\n\t\t\t\t<\/label>\n\t\t\t<\/p>\n\t\t\t\t\t\t<p class=\"tb_login_submit tf_right\">\n\t\t\t\t<button name=\"wp-submit\">Log In<\/button>\n\t\t\t\t<input type=\"hidden\" name=\"redirect_to\" value=\"\/membres\/wp-json\/wp\/v2\/pages\/32411?login_success=1\">\n\t\t\t\t<input type=\"hidden\" name=\"tb_login\" value=\"1\">\n\n\t\t\t\t\t\t\t<\/p>\n\n\t\t<\/form>\n\n\t\t<form class=\"tb_lostpassword_form tf_clearfix tf_box tf_clear\" name=\"lostpasswordform\" action=\"https:\/\/www.fileasbl.be\/membres\/wp-login.php?action=lostpassword\" method=\"post\" style=\"display:none\">\n\t\t\t<p class=\"tb_lostpassword_username\">\n\t\t\t\t<label>\n\t\t\t\t\t<span class=\"tb_lostpassword_username_text\">Username or Email<\/span>\n\t\t\t\t\t<input type=\"text\" name=\"user_login\" required=\"required\">\n\t\t\t\t<\/label>\n\t\t\t<\/p>\n\n\t\t\t\n\t\t\t\t\t\t<p class=\"tb_lostpassword_submit tf_right\">\n\t\t\t\t<button>Reset Password<\/button>\n\t\t\t<\/p>\n\n\t\t\t<div class=\"tb_login_links tf_left tf_box\">\n\t\t\t\t<a href=\"https:\/\/www.fileasbl.be\/membres\/wp-login.php\">Log In<\/a>\n\t\t\t<\/div>\n\t\t<\/form>\n\n\t    <\/div>\n<\/div><!-- \/module login -->\t        <\/div>\n\t    \t<\/div>\n\t\t    <\/div>\n\t<\/div><!-- \/themify_builder_sub_row -->\n\t\t        <\/div>\n\t    \t<\/div>\n\t\t    <\/div>\n\t    <!-- \/row_inner -->\n\t<\/div>\n\t<!-- \/module_row -->\n\t\t<!-- module_row -->\n\t<div  data-lazy=\"1\" class=\"module_row themify_builder_row tb_ffecf6f tf_clearfix\">\n\t    \t\t<div class=\"row_inner col_align_top col-count-2 tf_box tf_w tf_rel\">\n\t\t\t<div  data-lazy=\"1\" style=\"width: 67%\" class=\"module_column tb-column col3-2 first tb_f5af887 tf_box\">\n\t\t\t    \t        <div class=\"tb-column-inner tf_box tf_w\">\n\t\t    <!-- module text -->\n<div  class=\"module module-text tb_361f984  repeat \" data-lazy=\"1\">\n        <div  class=\"tb_text_wrap\">\n    <h2>Extrait de casier judiciaire en milieu d&rsquo;accueil<\/h2>\n<table width=\"100%\">\n<tbody>\n<tr>\n<td>\n<table width=\"100%\">\n<tbody>\n<tr>\n<td width=\"600\">\n<table width=\"100%\">\n<tbody>\n<tr>\n<td>\n<p>Dans notre secteur, toute personne appel\u00e9e \u00e0 \u00eatre en contact r\u00e9gulier avec les enfants est tenue de disposer d\u2019un extrait de casier judiciaire totalement vierge \u00e0 renouveler r\u00e9guli\u00e8rement.<br \/><br \/>Pour rappel des r\u00e8gles applicables\u00a0:<\/p>\n<ol>\n<li><strong>Dans les milieux d\u2019accueil de la petite enfance<\/strong> (cr\u00e8ches, services d\u2019accueil d\u2019enfants, accueillant.e.s d\u2019enfants ind\u00e9pendant.e.s), il y a deux r\u00e8gles\u00a0:\n<ol>\n<li><strong>Pr\u00e9alablement \u00e0 l\u2019autorisation ou \u00e0 l\u2019entr\u00e9e en fonction d\u2019une personne<\/strong>\u00a0: le pouvoir organisateur doit disposer, pour toute personne de 18 ans et plus appel\u00e9e \u00e0 \u00eatre en contact r\u00e9gulier avec les enfants accueillis, d&rsquo;un extrait de casier judiciaire <u>datant de moins de six mois<\/u> et exempt de toute condamnation ou mesure d&rsquo;internement pour fait de m\u0153urs ou de violence \u00e0 l&rsquo;\u00e9gard de mineurs. Le cas \u00e9ch\u00e9ant l&rsquo;extrait de casier judiciaire est remplac\u00e9 par un document \u00e9quivalent \u00e9manant des autorit\u00e9s \u00e9trang\u00e8res comp\u00e9tentes.<\/li>\n<li>Le pouvoir organisateur doit tenir un dossier \u00e0 jour pour chaque membre de son personnel ET chaque personne appel\u00e9e \u00e0 \u00eatre en contact r\u00e9gulier avec les enfants. Ce dossier comprend notamment un extrait de casier judiciaire vierge et <strong>renouvel\u00e9 tous les 5 ans<\/strong>.<\/li>\n<\/ol>\n<\/li>\n<li><strong>Dans les SASPE<\/strong>, le service dispose pour chaque membre de son personnel d&rsquo;un extrait du casier judiciaire mod\u00e8le 2 exempt de condamnation ou de mesure d&rsquo;internement pour faits de m\u0153urs, de violence ou pour usage de produits stup\u00e9fiants et <u>datant de moins de six mois<\/u> <strong>avant l&rsquo;engagement<\/strong>. Ce certificat doit \u00eatre <strong>renouvel\u00e9 tous les 5 ans<\/strong>, ainsi que sur simple demande de l&rsquo;Office (article 9 de l\u2019AGCF du 30 avril 2009).<\/li>\n<li><strong>Pour les \u00e9quipes SOS Enfants<\/strong>, un tel extrait de casier doit \u00eatre produit <strong>par tout intervenant<\/strong> \u00e0 sur simple demande du responsable d\u2019un service, d\u2019une institution ou d\u2019une association. Cette demande peut intervenir \u00e0 tout moment (article 2 du d\u00e9cret du 12 mai 2004 relatif \u00e0 l\u2019Aide aux enfants victimes de maltraitance).<\/li>\n<li><strong>Pour les \u00e9coles des devoirs\u00a0: <\/strong>Sur demande du pouvoir organisateur de l&rsquo;\u00e9cole de devoirs ou de l&rsquo;O.N.E., le membre de l&rsquo;\u00e9quipe p\u00e9dagogique doit \u00eatre \u00e0 m\u00eame de produire un extrait de casier judiciaire exempt de condamnation ou de mesure d&rsquo;internement pr\u00e9judiciables au bon fonctionnement de l&rsquo;\u00e9cole de devoirs ou \u00e0 la bonne ex\u00e9cution des missions relatives \u00e0 la fonction, datant de moins de 6 mois.<\/li>\n<\/ol>\n<\/td>\n<\/tr>\n<\/tbody>\n<\/table>\n<\/td>\n<\/tr>\n<\/tbody>\n<\/table>\n<\/td>\n<\/tr>\n<\/tbody>\n<\/table>\n<p>\u00a0<\/p>    <\/div>\n<\/div>\n<!-- \/module text -->\t        <\/div>\n\t    \t<\/div>\n\t\t<div  data-lazy=\"1\" style=\"width: 29.8%\" class=\"module_column tb-column col3-1 last tb_74b1bbf tf_box\">\n\t\t\t    \t        <div class=\"tb-column-inner tf_box tf_w\">\n\t\t    <!-- module text -->\n<div  class=\"module module-text tb_l7ok780   \" data-lazy=\"1\">\n        <div  class=\"tb_text_wrap\">\n    <h2>Ressources :<\/h2>\n<ul>\n<li style=\"list-style-type: none\">\n<ul>\n<li>juridique@fileasbl.be 010 22 52 02<\/li>\n<\/ul>\n<\/li>\n<\/ul>\n<p>\u00a0<\/p>    <\/div>\n<\/div>\n<!-- \/module text -->\t        <\/div>\n\t    \t<\/div>\n\t\t    <\/div>\n\t    <!-- \/row_inner -->\n\t<\/div>\n\t<!-- \/module_row -->\n\t<\/div>\n<!--\/themify_builder_content-->","protected":false},"excerpt":{"rendered":"<p>Informations d\u00e9taill\u00e9es r\u00e9serv\u00e9es aux membres de la FILE<\/p>\n","protected":false},"author":142,"featured_media":0,"parent":5299,"menu_order":0,"comment_status":"closed","ping_status":"closed","template":"","meta":{"footnotes":""},"class_list":["post-32411","page","type-page","status-publish","hentry","has-post-title","has-post-date","has-post-category","has-post-tag","has-post-comment","has-post-author",""],"yoast_head":"<!-- This site is optimized with the Yoast SEO plugin v27.4 - https:\/\/yoast.com\/product\/yoast-seo-wordpress\/ -->\n<title>Extrait casier judiciaire en milieu d&#039;accueil - Site de la FILE<\/title>\n<meta name=\"description\" content=\"Tout savoir sur le cong\u00e9 parental pour les employeurs membres de la FILE\" \/>\n<meta name=\"robots\" content=\"index, follow, max-snippet:-1, max-image-preview:large, max-video-preview:-1\" \/>\n<link rel=\"canonical\" href=\"https:\/\/www.fileasbl.be\/membres\/themes\/extrait-casier-judiciaire-en-milieu-daccueil\/\" \/>\n<meta property=\"og:locale\" content=\"fr_FR\" \/>\n<meta property=\"og:type\" content=\"article\" \/>\n<meta property=\"og:title\" content=\"Extrait casier judiciaire en milieu d&#039;accueil - Site de la FILE\" \/>\n<meta property=\"og:description\" content=\"Tout savoir sur le cong\u00e9 parental pour les employeurs membres de la FILE\" \/>\n<meta property=\"og:url\" content=\"https:\/\/www.fileasbl.be\/membres\/themes\/extrait-casier-judiciaire-en-milieu-daccueil\/\" \/>\n<meta property=\"og:site_name\" content=\"Site de la FILE\" \/>\n<meta property=\"article:publisher\" content=\"https:\/\/www.facebook.com\/fileasbl\/\" \/>\n<meta property=\"article:modified_time\" content=\"2024-08-12T14:38:23+00:00\" \/>\n<meta name=\"twitter:card\" content=\"summary_large_image\" \/>\n<meta name=\"twitter:label1\" content=\"Dur\u00e9e de lecture estim\u00e9e\" \/>\n\t<meta name=\"twitter:data1\" content=\"4 minutes\" \/>\n<script type=\"application\/ld+json\" class=\"yoast-schema-graph\">{\"@context\":\"https:\\\/\\\/schema.org\",\"@graph\":[{\"@type\":\"WebPage\",\"@id\":\"https:\\\/\\\/www.fileasbl.be\\\/membres\\\/themes\\\/extrait-casier-judiciaire-en-milieu-daccueil\\\/\",\"url\":\"https:\\\/\\\/www.fileasbl.be\\\/membres\\\/themes\\\/extrait-casier-judiciaire-en-milieu-daccueil\\\/\",\"name\":\"Extrait casier judiciaire en milieu d'accueil - Site de la FILE\",\"isPartOf\":{\"@id\":\"https:\\\/\\\/www.fileasbl.be\\\/membres\\\/#website\"},\"datePublished\":\"2024-08-12T14:38:21+00:00\",\"dateModified\":\"2024-08-12T14:38:23+00:00\",\"description\":\"Tout savoir sur le cong\u00e9 parental pour les employeurs membres de la FILE\",\"breadcrumb\":{\"@id\":\"https:\\\/\\\/www.fileasbl.be\\\/membres\\\/themes\\\/extrait-casier-judiciaire-en-milieu-daccueil\\\/#breadcrumb\"},\"inLanguage\":\"fr-FR\",\"potentialAction\":[{\"@type\":\"ReadAction\",\"target\":[\"https:\\\/\\\/www.fileasbl.be\\\/membres\\\/themes\\\/extrait-casier-judiciaire-en-milieu-daccueil\\\/\"]}]},{\"@type\":\"BreadcrumbList\",\"@id\":\"https:\\\/\\\/www.fileasbl.be\\\/membres\\\/themes\\\/extrait-casier-judiciaire-en-milieu-daccueil\\\/#breadcrumb\",\"itemListElement\":[{\"@type\":\"ListItem\",\"position\":1,\"name\":\"Accueil\",\"item\":\"https:\\\/\\\/www.fileasbl.be\\\/membres\\\/\"},{\"@type\":\"ListItem\",\"position\":2,\"name\":\"Th\u00e8mes\",\"item\":\"https:\\\/\\\/www.fileasbl.be\\\/membres\\\/themes\\\/\"},{\"@type\":\"ListItem\",\"position\":3,\"name\":\"Extrait casier judiciaire en milieu d&rsquo;accueil\"}]},{\"@type\":\"WebSite\",\"@id\":\"https:\\\/\\\/www.fileasbl.be\\\/membres\\\/#website\",\"url\":\"https:\\\/\\\/www.fileasbl.be\\\/membres\\\/\",\"name\":\"Site de la FILE\",\"description\":\"FILE Un accueil de qualit\u00e9 accessible \u00e0 tous\",\"potentialAction\":[{\"@type\":\"SearchAction\",\"target\":{\"@type\":\"EntryPoint\",\"urlTemplate\":\"https:\\\/\\\/www.fileasbl.be\\\/membres\\\/?s={search_term_string}\"},\"query-input\":{\"@type\":\"PropertyValueSpecification\",\"valueRequired\":true,\"valueName\":\"search_term_string\"}}],\"inLanguage\":\"fr-FR\"}]}<\/script>\n<!-- \/ Yoast SEO plugin. -->","yoast_head_json":{"title":"Extrait casier judiciaire en milieu d'accueil - Site de la FILE","description":"Tout savoir sur le cong\u00e9 parental pour les employeurs membres de la FILE","robots":{"index":"index","follow":"follow","max-snippet":"max-snippet:-1","max-image-preview":"max-image-preview:large","max-video-preview":"max-video-preview:-1"},"canonical":"https:\/\/www.fileasbl.be\/membres\/themes\/extrait-casier-judiciaire-en-milieu-daccueil\/","og_locale":"fr_FR","og_type":"article","og_title":"Extrait casier judiciaire en milieu d'accueil - Site de la FILE","og_description":"Tout savoir sur le cong\u00e9 parental pour les employeurs membres de la FILE","og_url":"https:\/\/www.fileasbl.be\/membres\/themes\/extrait-casier-judiciaire-en-milieu-daccueil\/","og_site_name":"Site de la FILE","article_publisher":"https:\/\/www.facebook.com\/fileasbl\/","article_modified_time":"2024-08-12T14:38:23+00:00","twitter_card":"summary_large_image","twitter_misc":{"Dur\u00e9e de lecture estim\u00e9e":"4 minutes"},"schema":{"@context":"https:\/\/schema.org","@graph":[{"@type":"WebPage","@id":"https:\/\/www.fileasbl.be\/membres\/themes\/extrait-casier-judiciaire-en-milieu-daccueil\/","url":"https:\/\/www.fileasbl.be\/membres\/themes\/extrait-casier-judiciaire-en-milieu-daccueil\/","name":"Extrait casier judiciaire en milieu d'accueil - Site de la FILE","isPartOf":{"@id":"https:\/\/www.fileasbl.be\/membres\/#website"},"datePublished":"2024-08-12T14:38:21+00:00","dateModified":"2024-08-12T14:38:23+00:00","description":"Tout savoir sur le cong\u00e9 parental pour les employeurs membres de la FILE","breadcrumb":{"@id":"https:\/\/www.fileasbl.be\/membres\/themes\/extrait-casier-judiciaire-en-milieu-daccueil\/#breadcrumb"},"inLanguage":"fr-FR","potentialAction":[{"@type":"ReadAction","target":["https:\/\/www.fileasbl.be\/membres\/themes\/extrait-casier-judiciaire-en-milieu-daccueil\/"]}]},{"@type":"BreadcrumbList","@id":"https:\/\/www.fileasbl.be\/membres\/themes\/extrait-casier-judiciaire-en-milieu-daccueil\/#breadcrumb","itemListElement":[{"@type":"ListItem","position":1,"name":"Accueil","item":"https:\/\/www.fileasbl.be\/membres\/"},{"@type":"ListItem","position":2,"name":"Th\u00e8mes","item":"https:\/\/www.fileasbl.be\/membres\/themes\/"},{"@type":"ListItem","position":3,"name":"Extrait casier judiciaire en milieu d&rsquo;accueil"}]},{"@type":"WebSite","@id":"https:\/\/www.fileasbl.be\/membres\/#website","url":"https:\/\/www.fileasbl.be\/membres\/","name":"Site de la FILE","description":"FILE Un accueil de qualit\u00e9 accessible \u00e0 tous","potentialAction":[{"@type":"SearchAction","target":{"@type":"EntryPoint","urlTemplate":"https:\/\/www.fileasbl.be\/membres\/?s={search_term_string}"},"query-input":{"@type":"PropertyValueSpecification","valueRequired":true,"valueName":"search_term_string"}}],"inLanguage":"fr-FR"}]}},"builder_content":"<h3 style=\"text-align: left;\"><em>Informations d\u00e9taill\u00e9es r\u00e9serv\u00e9es aux membres de la FILE<\/em><\/h3>\n<h2>Extrait de casier judiciaire en milieu d'accueil<\/h2> <table width=\"100%\"> <tbody> <tr> <td> <table width=\"100%\"> <tbody> <tr> <td width=\"600\"> <table width=\"100%\"> <tbody> <tr> <td> <p>Dans notre secteur, toute personne appel\u00e9e \u00e0 \u00eatre en contact r\u00e9gulier avec les enfants est tenue de disposer d\u2019un extrait de casier judiciaire totalement vierge \u00e0 renouveler r\u00e9guli\u00e8rement.<br \/><br \/>Pour rappel des r\u00e8gles applicables\u00a0:<\/p> <ol> <li><strong>Dans les milieux d\u2019accueil de la petite enfance<\/strong> (cr\u00e8ches, services d\u2019accueil d\u2019enfants, accueillant.e.s d\u2019enfants ind\u00e9pendant.e.s), il y a deux r\u00e8gles\u00a0: <ol> <li><strong>Pr\u00e9alablement \u00e0 l\u2019autorisation ou \u00e0 l\u2019entr\u00e9e en fonction d\u2019une personne<\/strong>\u00a0: le pouvoir organisateur doit disposer, pour toute personne de 18 ans et plus appel\u00e9e \u00e0 \u00eatre en contact r\u00e9gulier avec les enfants accueillis, d'un extrait de casier judiciaire <u>datant de moins de six mois<\/u> et exempt de toute condamnation ou mesure d'internement pour fait de m\u0153urs ou de violence \u00e0 l'\u00e9gard de mineurs. Le cas \u00e9ch\u00e9ant l'extrait de casier judiciaire est remplac\u00e9 par un document \u00e9quivalent \u00e9manant des autorit\u00e9s \u00e9trang\u00e8res comp\u00e9tentes.<\/li> <li>Le pouvoir organisateur doit tenir un dossier \u00e0 jour pour chaque membre de son personnel ET chaque personne appel\u00e9e \u00e0 \u00eatre en contact r\u00e9gulier avec les enfants. Ce dossier comprend notamment un extrait de casier judiciaire vierge et <strong>renouvel\u00e9 tous les 5 ans<\/strong>.<\/li> <\/ol> <\/li> <li><strong>Dans les SASPE<\/strong>, le service dispose pour chaque membre de son personnel d'un extrait du casier judiciaire mod\u00e8le 2 exempt de condamnation ou de mesure d'internement pour faits de m\u0153urs, de violence ou pour usage de produits stup\u00e9fiants et <u>datant de moins de six mois<\/u> <strong>avant l'engagement<\/strong>. Ce certificat doit \u00eatre <strong>renouvel\u00e9 tous les 5 ans<\/strong>, ainsi que sur simple demande de l'Office (article 9 de l\u2019AGCF du 30 avril 2009).<\/li> <li><strong>Pour les \u00e9quipes SOS Enfants<\/strong>, un tel extrait de casier doit \u00eatre produit <strong>par tout intervenant<\/strong> \u00e0 sur simple demande du responsable d\u2019un service, d\u2019une institution ou d\u2019une association. Cette demande peut intervenir \u00e0 tout moment (article 2 du d\u00e9cret du 12 mai 2004 relatif \u00e0 l\u2019Aide aux enfants victimes de maltraitance).<\/li> <li><strong>Pour les \u00e9coles des devoirs\u00a0: <\/strong>Sur demande du pouvoir organisateur de l'\u00e9cole de devoirs ou de l'O.N.E., le membre de l'\u00e9quipe p\u00e9dagogique doit \u00eatre \u00e0 m\u00eame de produire un extrait de casier judiciaire exempt de condamnation ou de mesure d'internement pr\u00e9judiciables au bon fonctionnement de l'\u00e9cole de devoirs ou \u00e0 la bonne ex\u00e9cution des missions relatives \u00e0 la fonction, datant de moins de 6 mois.<\/li> <\/ol> <\/td> <\/tr> <\/tbody> <\/table> <\/td> <\/tr> <\/tbody> <\/table> <\/td> <\/tr> <\/tbody> <\/table> <p>\u00a0<\/p>\n<h2>Ressources :<\/h2> <ul> <li style=\"list-style-type: none\"> <ul> <li>juridique@fileasbl.be 010 22 52 02<\/li> <\/ul> <\/li> <\/ul> <p>\u00a0<\/p>","_links":{"self":[{"href":"https:\/\/www.fileasbl.be\/membres\/wp-json\/wp\/v2\/pages\/32411","targetHints":{"allow":["GET"]}}],"collection":[{"href":"https:\/\/www.fileasbl.be\/membres\/wp-json\/wp\/v2\/pages"}],"about":[{"href":"https:\/\/www.fileasbl.be\/membres\/wp-json\/wp\/v2\/types\/page"}],"author":[{"embeddable":true,"href":"https:\/\/www.fileasbl.be\/membres\/wp-json\/wp\/v2\/users\/142"}],"replies":[{"embeddable":true,"href":"https:\/\/www.fileasbl.be\/membres\/wp-json\/wp\/v2\/comments?post=32411"}],"version-history":[{"count":0,"href":"https:\/\/www.fileasbl.be\/membres\/wp-json\/wp\/v2\/pages\/32411\/revisions"}],"up":[{"embeddable":true,"href":"https:\/\/www.fileasbl.be\/membres\/wp-json\/wp\/v2\/pages\/5299"}],"wp:attachment":[{"href":"https:\/\/www.fileasbl.be\/membres\/wp-json\/wp\/v2\/media?parent=32411"}],"curies":[{"name":"wp","href":"https:\/\/api.w.org\/{rel}","templated":true}]}}