{"id":32946,"date":"2024-12-20T14:35:37","date_gmt":"2024-12-20T13:35:37","guid":{"rendered":"https:\/\/www.fileasbl.be\/membres\/?page_id=32946"},"modified":"2024-12-20T14:42:16","modified_gmt":"2024-12-20T13:42:16","slug":"responsabilite","status":"publish","type":"page","link":"https:\/\/www.fileasbl.be\/membres\/themes\/responsabilite\/","title":{"rendered":"Responsabilit\u00e9"},"content":{"rendered":"<!--themify_builder_content-->\n<div id=\"themify_builder_content-32946\" data-postid=\"32946\" class=\"themify_builder_content themify_builder_content-32946 themify_builder tf_clear\">\n    \t<!-- module_row -->\n\t<div  data-lazy=\"1\" class=\"module_row themify_builder_row tb_ffecf6f tb_first tf_clearfix\">\n\t    \t\t<div class=\"row_inner col_align_top col-count-2 tf_box tf_w tf_rel\">\n\t\t\t<div  data-lazy=\"1\" style=\"width: 61%\" class=\"module_column tb-column col3-2 first tb_f5af887 tf_box\">\n\t\t\t    \t        <div class=\"tb-column-inner tf_box tf_w\">\n\t\t    \t<div  data-lazy=\"1\" class=\"module_subrow themify_builder_sub_row tb_oq2j115 tf_w tf_clearfix\">\n\t    \t\t<div class=\"subrow_inner col_align_top col-count-1 tf_box tf_w\">\n\t\t\t<div  data-lazy=\"1\" class=\"sub_column module_column tf_box col-full first tb_n26k117\"> \n\t    \t    \t        <div class=\"tb-column-inner tf_box tf_w\">\n\t\t    <!-- module image -->\n<div  class=\"module module-image tb_dss2912   image-top tf_mw\" data-lazy=\"1\">\n        <div class=\"image-wrap tf_rel tf_mw\">\n\t\t    <img decoding=\"async\" src=\"http:\/\/www.fileasbl.be\/membres\/wp-content\/uploads\/2021\/03\/Bandeau-article-ASBL-800-150.jpg\" title=\"Responsabilit\u00e9\" alt=\"Responsabilit\u00e9\">\t\n\t\t<\/div>\n\t<!-- \/image-wrap -->\n    \n    \t<\/div>\n<!-- \/module image -->\t        <\/div>\n\t    \t<\/div>\n\t\t    <\/div>\n\t<\/div><!-- \/themify_builder_sub_row -->\n\t<!-- module text -->\n<div  class=\"module module-text tb_361f984  repeat \" data-lazy=\"1\">\n        <div  class=\"tb_text_wrap\">\n    <h1 style=\"text-align: left;\">Responsabilit\u00e9<\/h1>\n<p>Cette page rassemble les articles et documents utiles relatifs au sujet de la responsabilit\u00e9 dans notre secteur de l&rsquo;enfance.<\/p>\n<ul>\n<li><a href=\"https:\/\/www.fileasbl.be\/membres\/responsabilite-des-agents-dexecution\/\" target=\"_blank\" rel=\"noopener\">Responsabilit\u00e9 des agents d&rsquo;ex\u00e9cution<\/a><\/li>\n<li>\u00a0<\/li>\n<\/ul>\n<p>N&rsquo;h\u00e9sitez pas \u00e0 contacter l&rsquo;\u00e9quipe de la FILE pour toute question sur ce sujet et \u00e0 lire les articles consacr\u00e9s \u00e0 ce th\u00e8me et r\u00e9f\u00e9renc\u00e9s ci-dessous.<\/p>    <\/div>\n<\/div>\n<!-- \/module text -->\t        <\/div>\n\t    \t<\/div>\n\t\t<div  data-lazy=\"1\" style=\"width: 35.8%\" class=\"module_column tb-column col3-1 last tb_74b1bbf tf_box\">\n\t\t\t    \t        <div class=\"tb-column-inner tf_box tf_w\">\n\t\t    <!-- module text -->\n<div  class=\"module module-text tb_tmtk254  repeat \" data-lazy=\"1\">\n        <div  class=\"tb_text_wrap\">\n    <p style=\"text-align: center;\"><span style=\"color: #bb0b0b; font-size: 22px;\"><strong>Contact(s) \u00e0 la FILE<\/strong><\/span><\/p>\n<p style=\"text-align: center;\">Carine Delr\u00e9e, Aurore Destr\u00e9e et Isaline De Plaen,<\/p>\n<p style=\"text-align: center;\">Conseill\u00e8res\u00a0 juridiques<\/p>\n<p style=\"text-align: center;\">juridique(at)fileasbl.be\u00a0<\/p>\n<p style=\"text-align: center;\">010 22 52 02<\/p>    <\/div>\n<\/div>\n<!-- \/module text --><!-- module text -->\n<div  class=\"module module-text tb_6342482  repeat \" data-lazy=\"1\">\n        <div  class=\"tb_text_wrap\">\n    <h2>Ressources<\/h2>\n<h2>\u00a0<\/h2>\n<p>\u00a0<\/p>    <\/div>\n<\/div>\n<!-- \/module text -->\t        <\/div>\n\t    \t<\/div>\n\t\t    <\/div>\n\t    <!-- \/row_inner -->\n\t<\/div>\n\t<!-- \/module_row -->\n\t\t<!-- module_row -->\n\t<div  data-lazy=\"1\" class=\"module_row themify_builder_row tb_jitm96 tf_clearfix\">\n\t    \t\t<div class=\"row_inner col_align_top col-count-2 tf_box tf_w tf_rel\">\n\t\t\t<div  data-lazy=\"1\" class=\"module_column tb-column col2-1 first tb_lcj297 tf_box\">\n\t\t\t    \t        <div class=\"tb-column-inner tf_box tf_w\">\n\t\t    <!-- module text -->\n<div  class=\"module module-text tb_uqgh564   \" data-lazy=\"1\">\n        <div  class=\"tb_text_wrap\">\n    <h2>Acc\u00e8s r\u00e9serv\u00e9 aux membres de la FILE<\/h2>    <\/div>\n<\/div>\n<!-- \/module text -->\t        <\/div>\n\t    \t<\/div>\n\t\t<div  data-lazy=\"1\" class=\"module_column tb-column col2-1 last tb_mms197 tf_box\">\n\t\t\t    \t        <div class=\"tb-column-inner tf_box tf_w\">\n\t\t    <!-- module login -->\n<div  class=\"module module-login tb_lhyk698 \" data-lazy=\"1\">\n\t<div classss=\"tb_login_wrap \">\n\t\n\t\t\t\n\t\t<form class=\"tb_login_form tf_clearfix tf_box tf_clear\" name=\"loginform\" action=\"https:\/\/www.fileasbl.be\/membres\/wp-login.php\" method=\"post\">\n\t\t\t<p class=\"tb_login_username\">\n\t\t\t\t<label>\n\t\t\t\t\t<span class=\"tb_login_username_text\">Username or Email<\/span>\n\t\t\t\t\t<input type=\"text\" name=\"log\" required=\"required\">\n\t\t\t\t<\/label>\n\t\t\t<\/p>\n\t\t\t<p class=\"tb_login_password\">\n\t\t\t\t<label>\n\t\t\t\t\t<span class=\"tb_login_password_text\">Password<\/span>\n\t\t\t\t\t<input type=\"password\" name=\"pwd\" required=\"required\">\n\t\t\t\t<\/label>\n\t\t\t<\/p>\n\t\t\t<div class=\"tb_login_links tf_box tf_clear\">\n\t\t\t\t<a href=\"https:\/\/www.fileasbl.be\/membres\/wp-login.php?action=lostpassword\">Forgotten Password?<\/a>\n\t\t\t<\/div>\n\n\t\t\t\n\t\t\t\t\t\t<p class=\"tb_login_remember tf_left tf_box\">\n\t\t\t\t<label>\n\t\t\t\t\t<input name=\"rememberme\" type=\"checkbox\" value=\"forever\"> \n\t\t\t\t\t<span class=\"tb_login_remember_text\">Remember Me<\/span>\n\t\t\t\t<\/label>\n\t\t\t<\/p>\n\t\t\t\t\t\t<p class=\"tb_login_submit tf_right\">\n\t\t\t\t<button name=\"wp-submit\">Log In<\/button>\n\t\t\t\t<input type=\"hidden\" name=\"redirect_to\" value=\"\/membres\/wp-json\/wp\/v2\/pages\/32946?login_success=1\">\n\t\t\t\t<input type=\"hidden\" name=\"tb_login\" value=\"1\">\n\n\t\t\t\t\t\t\t<\/p>\n\n\t\t<\/form>\n\n\t\t<form class=\"tb_lostpassword_form tf_clearfix tf_box tf_clear\" name=\"lostpasswordform\" action=\"https:\/\/www.fileasbl.be\/membres\/wp-login.php?action=lostpassword\" method=\"post\" style=\"display:none\">\n\t\t\t<p class=\"tb_lostpassword_username\">\n\t\t\t\t<label>\n\t\t\t\t\t<span class=\"tb_lostpassword_username_text\">Username or Email<\/span>\n\t\t\t\t\t<input type=\"text\" name=\"user_login\" required=\"required\">\n\t\t\t\t<\/label>\n\t\t\t<\/p>\n\n\t\t\t\n\t\t\t\t\t\t<p class=\"tb_lostpassword_submit tf_right\">\n\t\t\t\t<button>Reset Password<\/button>\n\t\t\t<\/p>\n\n\t\t\t<div class=\"tb_login_links tf_left tf_box\">\n\t\t\t\t<a href=\"https:\/\/www.fileasbl.be\/membres\/wp-login.php\">Log In<\/a>\n\t\t\t<\/div>\n\t\t<\/form>\n\n\t    <\/div>\n<\/div><!-- \/module login -->\t        <\/div>\n\t    \t<\/div>\n\t\t    <\/div>\n\t    <!-- \/row_inner -->\n\t<\/div>\n\t<!-- \/module_row -->\n\t<\/div>\n<!--\/themify_builder_content-->","protected":false},"excerpt":{"rendered":"<p>Responsabilit\u00e9 Cette page rassemble les articles et documents utiles relatifs au sujet de la responsabilit\u00e9 dans notre secteur de l&rsquo;enfance. Responsabilit\u00e9 des agents d&rsquo;ex\u00e9cution \u00a0 N&rsquo;h\u00e9sitez pas \u00e0 contacter l&rsquo;\u00e9quipe de la FILE pour toute question sur ce sujet et \u00e0 lire les articles consacr\u00e9s \u00e0 ce th\u00e8me et r\u00e9f\u00e9renc\u00e9s ci-dessous.<\/p>\n","protected":false},"author":148,"featured_media":0,"parent":5299,"menu_order":0,"comment_status":"closed","ping_status":"closed","template":"","meta":{"footnotes":""},"class_list":["post-32946","page","type-page","status-publish","hentry","has-post-title","has-post-date","has-post-category","has-post-tag","has-post-comment","has-post-author",""],"yoast_head":"<!-- This site is optimized with the Yoast SEO plugin v27.4 - https:\/\/yoast.com\/product\/yoast-seo-wordpress\/ -->\n<title>Responsabilit\u00e9 - Site de la FILE<\/title>\n<meta name=\"description\" content=\"Tout savoir sur les asbl organisatrices de milieux d&#039;accueil en FWB : construire une asbl, r\u00e9forme des asbl, registre UBO...\" \/>\n<meta name=\"robots\" content=\"index, follow, max-snippet:-1, max-image-preview:large, max-video-preview:-1\" \/>\n<link rel=\"canonical\" href=\"https:\/\/www.fileasbl.be\/membres\/themes\/responsabilite\/\" \/>\n<meta property=\"og:locale\" content=\"fr_FR\" \/>\n<meta property=\"og:type\" content=\"article\" \/>\n<meta property=\"og:title\" content=\"Responsabilit\u00e9 - Site de la FILE\" \/>\n<meta property=\"og:description\" content=\"Tout savoir sur les asbl organisatrices de milieux d&#039;accueil en FWB : construire une asbl, r\u00e9forme des asbl, registre UBO...\" \/>\n<meta property=\"og:url\" content=\"https:\/\/www.fileasbl.be\/membres\/themes\/responsabilite\/\" \/>\n<meta property=\"og:site_name\" content=\"Site de la FILE\" \/>\n<meta property=\"article:publisher\" content=\"https:\/\/www.facebook.com\/fileasbl\/\" \/>\n<meta property=\"article:modified_time\" content=\"2024-12-20T13:42:16+00:00\" \/>\n<meta name=\"twitter:card\" content=\"summary_large_image\" \/>\n<meta name=\"twitter:label1\" content=\"Dur\u00e9e de lecture estim\u00e9e\" \/>\n\t<meta name=\"twitter:data1\" content=\"1 minute\" \/>\n<script type=\"application\/ld+json\" class=\"yoast-schema-graph\">{\"@context\":\"https:\\\/\\\/schema.org\",\"@graph\":[{\"@type\":\"WebPage\",\"@id\":\"https:\\\/\\\/www.fileasbl.be\\\/membres\\\/themes\\\/responsabilite\\\/\",\"url\":\"https:\\\/\\\/www.fileasbl.be\\\/membres\\\/themes\\\/responsabilite\\\/\",\"name\":\"Responsabilit\u00e9 - Site de la FILE\",\"isPartOf\":{\"@id\":\"https:\\\/\\\/www.fileasbl.be\\\/membres\\\/#website\"},\"datePublished\":\"2024-12-20T13:35:37+00:00\",\"dateModified\":\"2024-12-20T13:42:16+00:00\",\"description\":\"Tout savoir sur les asbl organisatrices de milieux d'accueil en FWB : construire une asbl, r\u00e9forme des asbl, registre UBO...\",\"breadcrumb\":{\"@id\":\"https:\\\/\\\/www.fileasbl.be\\\/membres\\\/themes\\\/responsabilite\\\/#breadcrumb\"},\"inLanguage\":\"fr-FR\",\"potentialAction\":[{\"@type\":\"ReadAction\",\"target\":[\"https:\\\/\\\/www.fileasbl.be\\\/membres\\\/themes\\\/responsabilite\\\/\"]}]},{\"@type\":\"BreadcrumbList\",\"@id\":\"https:\\\/\\\/www.fileasbl.be\\\/membres\\\/themes\\\/responsabilite\\\/#breadcrumb\",\"itemListElement\":[{\"@type\":\"ListItem\",\"position\":1,\"name\":\"Accueil\",\"item\":\"https:\\\/\\\/www.fileasbl.be\\\/membres\\\/\"},{\"@type\":\"ListItem\",\"position\":2,\"name\":\"Th\u00e8mes\",\"item\":\"https:\\\/\\\/www.fileasbl.be\\\/membres\\\/themes\\\/\"},{\"@type\":\"ListItem\",\"position\":3,\"name\":\"Responsabilit\u00e9\"}]},{\"@type\":\"WebSite\",\"@id\":\"https:\\\/\\\/www.fileasbl.be\\\/membres\\\/#website\",\"url\":\"https:\\\/\\\/www.fileasbl.be\\\/membres\\\/\",\"name\":\"Site de la FILE\",\"description\":\"FILE Un accueil de qualit\u00e9 accessible \u00e0 tous\",\"potentialAction\":[{\"@type\":\"SearchAction\",\"target\":{\"@type\":\"EntryPoint\",\"urlTemplate\":\"https:\\\/\\\/www.fileasbl.be\\\/membres\\\/?s={search_term_string}\"},\"query-input\":{\"@type\":\"PropertyValueSpecification\",\"valueRequired\":true,\"valueName\":\"search_term_string\"}}],\"inLanguage\":\"fr-FR\"}]}<\/script>\n<!-- \/ Yoast SEO plugin. -->","yoast_head_json":{"title":"Responsabilit\u00e9 - Site de la FILE","description":"Tout savoir sur les asbl organisatrices de milieux d'accueil en FWB : construire une asbl, r\u00e9forme des asbl, registre UBO...","robots":{"index":"index","follow":"follow","max-snippet":"max-snippet:-1","max-image-preview":"max-image-preview:large","max-video-preview":"max-video-preview:-1"},"canonical":"https:\/\/www.fileasbl.be\/membres\/themes\/responsabilite\/","og_locale":"fr_FR","og_type":"article","og_title":"Responsabilit\u00e9 - Site de la FILE","og_description":"Tout savoir sur les asbl organisatrices de milieux d'accueil en FWB : construire une asbl, r\u00e9forme des asbl, registre UBO...","og_url":"https:\/\/www.fileasbl.be\/membres\/themes\/responsabilite\/","og_site_name":"Site de la FILE","article_publisher":"https:\/\/www.facebook.com\/fileasbl\/","article_modified_time":"2024-12-20T13:42:16+00:00","twitter_card":"summary_large_image","twitter_misc":{"Dur\u00e9e de lecture estim\u00e9e":"1 minute"},"schema":{"@context":"https:\/\/schema.org","@graph":[{"@type":"WebPage","@id":"https:\/\/www.fileasbl.be\/membres\/themes\/responsabilite\/","url":"https:\/\/www.fileasbl.be\/membres\/themes\/responsabilite\/","name":"Responsabilit\u00e9 - Site de la FILE","isPartOf":{"@id":"https:\/\/www.fileasbl.be\/membres\/#website"},"datePublished":"2024-12-20T13:35:37+00:00","dateModified":"2024-12-20T13:42:16+00:00","description":"Tout savoir sur les asbl organisatrices de milieux d'accueil en FWB : construire une asbl, r\u00e9forme des asbl, registre UBO...","breadcrumb":{"@id":"https:\/\/www.fileasbl.be\/membres\/themes\/responsabilite\/#breadcrumb"},"inLanguage":"fr-FR","potentialAction":[{"@type":"ReadAction","target":["https:\/\/www.fileasbl.be\/membres\/themes\/responsabilite\/"]}]},{"@type":"BreadcrumbList","@id":"https:\/\/www.fileasbl.be\/membres\/themes\/responsabilite\/#breadcrumb","itemListElement":[{"@type":"ListItem","position":1,"name":"Accueil","item":"https:\/\/www.fileasbl.be\/membres\/"},{"@type":"ListItem","position":2,"name":"Th\u00e8mes","item":"https:\/\/www.fileasbl.be\/membres\/themes\/"},{"@type":"ListItem","position":3,"name":"Responsabilit\u00e9"}]},{"@type":"WebSite","@id":"https:\/\/www.fileasbl.be\/membres\/#website","url":"https:\/\/www.fileasbl.be\/membres\/","name":"Site de la FILE","description":"FILE Un accueil de qualit\u00e9 accessible \u00e0 tous","potentialAction":[{"@type":"SearchAction","target":{"@type":"EntryPoint","urlTemplate":"https:\/\/www.fileasbl.be\/membres\/?s={search_term_string}"},"query-input":{"@type":"PropertyValueSpecification","valueRequired":true,"valueName":"search_term_string"}}],"inLanguage":"fr-FR"}]}},"builder_content":"<img src=\"http:\/\/www.fileasbl.be\/membres\/wp-content\/uploads\/2021\/03\/Bandeau-article-ASBL-800-150.jpg\" title=\"Responsabilit\u00e9\" alt=\"Responsabilit\u00e9\">\n<h1 style=\"text-align: left;\">Responsabilit\u00e9<\/h1> <p>Cette page rassemble les articles et documents utiles relatifs au sujet de la responsabilit\u00e9 dans notre secteur de l'enfance.<\/p> <ul> <li><a href=\"https:\/\/www.fileasbl.be\/membres\/responsabilite-des-agents-dexecution\/\" target=\"_blank\" rel=\"noopener\">Responsabilit\u00e9 des agents d'ex\u00e9cution<\/a><\/li> <li>\u00a0<\/li> <\/ul> <p>N'h\u00e9sitez pas \u00e0 contacter l'\u00e9quipe de la FILE pour toute question sur ce sujet et \u00e0 lire les articles consacr\u00e9s \u00e0 ce th\u00e8me et r\u00e9f\u00e9renc\u00e9s ci-dessous.<\/p>\n<p style=\"text-align: center;\"><strong>Contact(s) \u00e0 la FILE<\/strong><\/p> <p style=\"text-align: center;\">Carine Delr\u00e9e, Aurore Destr\u00e9e et Isaline De Plaen,<\/p> <p style=\"text-align: center;\">Conseill\u00e8res\u00a0 juridiques<\/p> <p style=\"text-align: center;\">juridique(at)fileasbl.be\u00a0<\/p> <p style=\"text-align: center;\">010 22 52 02<\/p>\n<h2>Ressources<\/h2> <h2>\u00a0<\/h2> <p>\u00a0<\/p>\n<h2>Acc\u00e8s r\u00e9serv\u00e9 aux membres de la FILE<\/h2>","_links":{"self":[{"href":"https:\/\/www.fileasbl.be\/membres\/wp-json\/wp\/v2\/pages\/32946","targetHints":{"allow":["GET"]}}],"collection":[{"href":"https:\/\/www.fileasbl.be\/membres\/wp-json\/wp\/v2\/pages"}],"about":[{"href":"https:\/\/www.fileasbl.be\/membres\/wp-json\/wp\/v2\/types\/page"}],"author":[{"embeddable":true,"href":"https:\/\/www.fileasbl.be\/membres\/wp-json\/wp\/v2\/users\/148"}],"replies":[{"embeddable":true,"href":"https:\/\/www.fileasbl.be\/membres\/wp-json\/wp\/v2\/comments?post=32946"}],"version-history":[{"count":0,"href":"https:\/\/www.fileasbl.be\/membres\/wp-json\/wp\/v2\/pages\/32946\/revisions"}],"up":[{"embeddable":true,"href":"https:\/\/www.fileasbl.be\/membres\/wp-json\/wp\/v2\/pages\/5299"}],"wp:attachment":[{"href":"https:\/\/www.fileasbl.be\/membres\/wp-json\/wp\/v2\/media?parent=32946"}],"curies":[{"name":"wp","href":"https:\/\/api.w.org\/{rel}","templated":true}]}}